{"id":823,"date":"2019-07-01T07:40:28","date_gmt":"2019-07-01T07:40:28","guid":{"rendered":"https:\/\/demo.eastmeetswestdental.org\/index.php\/contact-02\/"},"modified":"2025-05-19T14:31:55","modified_gmt":"2025-05-19T07:31:55","slug":"contact","status":"publish","type":"page","link":"https:\/\/eastmeetswestdental.org\/vi\/contact\/","title":{"rendered":"Li\u00ean h\u1ec7"},"content":{"rendered":"<div class=\"wpb-content-wrapper\"><div id=\"tm-row-69ea3a088d212\" data-vc-full-width=\"true\" data-vc-full-width-init=\"false\" data-vc-stretch-content=\"true\" class=\"vc_row vc_row-outer vc_row-fluid vc_row-no-padding\"><div id=\"tm-column-69ea3a088d7f6\" class=\"wpb_column vc_column_container vc_col-sm-12\"><div class=\"vc_column-inner\"><div class=\"wpb_wrapper\"><div\n\tclass=\"tm-maps  overlay-style-02 tm-animation move-up\"\n\tid=\"tm-map-69ea3a088dcd4\"\n>\n\t<div class=\"map\"\n\t     data-height=\"650\"\n\t     data-width=\"100%\"\n\t     data-zoom_enable=\"\"\n\t     data-zoom=\"15\"\n\t     data-map_type=\"roadmap\"\n\t     data-map_style=\"default\"\n\t><\/div>\n\n\t<\/div>\n<script>\n\tjQuery( document )\n\t\t.ready( function( $ ) {\n\n\t\t\tvar gmMapDiv = $( \"#tm-map-69ea3a088dcd4\" )\n\t\t\t\t.children( '.map' );\n\n\t\t\t(\n\t\t\t\tfunction( $ ) {\n\n\t\t\t\t\tif ( gmMapDiv.length ) {\n\n\t\t\t\t\t\tvar gmHeight = gmMapDiv.attr( \"data-height\" );\n\t\t\t\t\t\tvar gmWidth = gmMapDiv.attr( \"data-width\" );\n\t\t\t\t\t\tvar gmZoomEnable = gmMapDiv.attr( \"data-zoom_enable\" );\n\t\t\t\t\t\tvar gmZoom = gmMapDiv.attr( \"data-zoom\" );\n\t\t\t\t\t\tgmMapDiv.width( gmWidth )\n\t\t\t\t\t\t        .height( gmHeight );\n\t\t\t\t\t\tgmMapDiv.gmap3( {\n\t\t\t\t\t\t\taction: \"init\",\n\t\t\t\t\t\t\tmarker: {\n\t\t\t\t\t\t\t\tvalues: [\n\t\t\t\t\t\t\t\t\t\t\t\t\t\t\t\t\t\t{\n\t\t\t\t\t\t\t\t\t\taddress: \"16.0693477,108.2308306\",\n\t\t\t\t\t\t\t\t\t\tdata: \"<div class=\\\"gmap-marker-wrap\\\"><h5 class=\\\"gmap-marker-title\\\">69 Ta My Duat Street, An Hai Bac Ward<\\\/h5><div class=\\\"gmap-marker-content\\\">Son Tra District, Da Nang City, Vietnam<\\\/div><\\\/div>\",\n\t\t\t\t\t\t\t\t\t\toptions: {\n\t\t\t\t\t\t\t\t\t\t\t\t\t\t\t\t\t\t\t\t\t\ticon: \"https:\/\/eastmeetswestdental.org\/wp-content\/themes\/smilepure\/assets\/images\/maps\/map-marker.png\",\n\t\t\t\t\t\t\t\t\t\t\t\n\t\t\t\t\t\t\t\t\t\t\t\t\t\t\t\t\t\t\t\t\t\tvisible: false,\n\t\t\t\t\t\t\t\t\t\t\t\t\t\t\t\t\t\t\t\t\t}\n\t\t\t\t\t\t\t\t\t},\n\t\t\t\t\t\t\t\t\t\t\t\t\t\t\t\t\t],\n\t\t\t\t\t\t\t\tevents: {\n\t\t\t\t\t\t\t\t\tclick: function( marker, event, context ) {\n\t\t\t\t\t\t\t\t\t\tif ( context.data == 0 ) {\n\t\t\t\t\t\t\t\t\t\t\treturn;\n\t\t\t\t\t\t\t\t\t\t}\n\t\t\t\t\t\t\t\t\t\tvar map = $( this )\n\t\t\t\t\t\t\t\t\t\t\t.gmap3( \"get\" );\n\t\t\t\t\t\t\t\t\t\tinfowindow = $( this )\n\t\t\t\t\t\t\t\t\t\t\t.gmap3( {get: {name: \"infowindow\"}} );\n\t\t\t\t\t\t\t\t\t\tif ( infowindow ) {\n\t\t\t\t\t\t\t\t\t\t\tinfowindow.open( map, marker );\n\t\t\t\t\t\t\t\t\t\t\tinfowindow.setContent( context.data );\n\t\t\t\t\t\t\t\t\t\t} else {\n\t\t\t\t\t\t\t\t\t\t\t$( this )\n\t\t\t\t\t\t\t\t\t\t\t\t.gmap3( {\n\t\t\t\t\t\t\t\t\t\t\t\t\tinfowindow: {\n\t\t\t\t\t\t\t\t\t\t\t\t\t\tanchor: marker,\n\t\t\t\t\t\t\t\t\t\t\t\t\t\toptions: {content: context.data}\n\t\t\t\t\t\t\t\t\t\t\t\t\t}\n\t\t\t\t\t\t\t\t\t\t\t\t} );\n\t\t\t\t\t\t\t\t\t\t}\n\t\t\t\t\t\t\t\t\t}\n\t\t\t\t\t\t\t\t}\n\n\t\t\t\t\t\t\t},\n\t\t\t\t\t\t\t\t\t\t\t\t\t\toverlay: {\n\t\t\t\t\t\t\t\tvalues: [\n\t\t\t\t\t\t\t\t\t\t\t\t\t\t\t\t\t\t{\n\t\t\t\t\t\t\t\t\t\taddress: \"16.0693477,108.2308306\",\n\t\t\t\t\t\t\t\t\t\tdata: \"<div class=\\\"gmap-marker-wrap\\\"><h5 class=\\\"gmap-marker-title\\\">69 Ta My Duat Street, An Hai Bac Ward<\\\/h5><div class=\\\"gmap-marker-content\\\">Son Tra District, Da Nang City, Vietnam<\\\/div><\\\/div>\",\n\t\t\t\t\t\t\t\t\t\toptions: {\n\t\t\t\t\t\t\t\t\t\t\tcontent: '<div><div class=\"animated-dot\">' + '<div class=\"middle-dot\"><\/div>' + '<div class=\"signal\"><\/div>' + '<div class=\"signal2\"><\/div>' + '<\/div><\/div>',\n\t\t\t\t\t\t\t\t\t\t}\n\t\t\t\t\t\t\t\t\t},\n\t\t\t\t\t\t\t\t\t\t\t\t\t\t\t\t\t],\n\t\t\t\t\t\t\t\tevents: {\n\t\t\t\t\t\t\t\t\tclick: function( overlay, event, context ) {\n\t\t\t\t\t\t\t\t\t\tif ( context.data == 0 ) {\n\t\t\t\t\t\t\t\t\t\t\treturn;\n\t\t\t\t\t\t\t\t\t\t}\n\t\t\t\t\t\t\t\t\t\tvar map = $( this )\n\t\t\t\t\t\t\t\t\t\t\t.gmap3( \"get\" );\n\t\t\t\t\t\t\t\t\t\tinfowindow = $( this )\n\t\t\t\t\t\t\t\t\t\t\t.gmap3( {get: {name: \"infowindow\"}} );\n\t\t\t\t\t\t\t\t\t\tif ( infowindow ) {\n\t\t\t\t\t\t\t\t\t\t\tinfowindow.open( map, overlay );\n\t\t\t\t\t\t\t\t\t\t\tinfowindow.setContent( context.data );\n\t\t\t\t\t\t\t\t\t\t} else {\n\t\t\t\t\t\t\t\t\t\t\t$( this )\n\t\t\t\t\t\t\t\t\t\t\t\t.gmap3( {\n\t\t\t\t\t\t\t\t\t\t\t\t\tinfowindow: {\n\t\t\t\t\t\t\t\t\t\t\t\t\t\tanchor: overlay,\n\t\t\t\t\t\t\t\t\t\t\t\t\t\toptions: {content: context.data, zIndex: 999}\n\t\t\t\t\t\t\t\t\t\t\t\t\t}\n\t\t\t\t\t\t\t\t\t\t\t\t} );\n\t\t\t\t\t\t\t\t\t\t}\n\t\t\t\t\t\t\t\t\t}\n\t\t\t\t\t\t\t\t}\n\t\t\t\t\t\t\t},\n\t\t\t\t\t\t\t\t\t\t\t\t\t\tmap: {\n\t\t\t\t\t\t\t\toptions: {\n\t\t\t\t\t\t\t\t\tzoom: parseInt( gmZoom ),\n\t\t\t\t\t\t\t\t\tzoomControl: true,\n\t\t\t\t\t\t\t\t\tmapTypeId: google.maps.MapTypeId.ROADMAP,\n\t\t\t\t\t\t\t\t\tmapTypeControl: false,\n\t\t\t\t\t\t\t\t\tscaleControl: false,\n\t\t\t\t\t\t\t\t\tscrollwheel: gmZoomEnable == 'enable' ? true : false,\n\t\t\t\t\t\t\t\t\tstreetViewControl: false,\n\t\t\t\t\t\t\t\t\tdraggable: true,\n\t\t\t\t\t\t\t\t\t\t\t\t\t\t\t\t\t}\n\t\t\t\t\t\t\t}\n\t\t\t\t\t\t} );\n\t\t\t\t\t}\n\t\t\t\t}\n\t\t\t)( jQuery );\n\t\t} );\n<\/script>\n<\/div><\/div><\/div><\/div><div class=\"vc_row-full-width vc_clearfix\"><\/div><div id=\"tm-row-69ea3a088e154\" data-vc-full-width=\"true\" data-vc-full-width-init=\"false\" class=\"vc_row vc_row-outer vc_row-fluid\"><div id=\"tm-column-69ea3a088e3a4\" class=\"wpb_column vc_column_container vc_col-sm-12 vc_col-lg-7 vc_col-md-8\"><div class=\"vc_column-inner\"><div class=\"wpb_wrapper\">\n<div class=\"tm-heading  left tm-animation move-up\" id=\"tm-heading-69ea3a088e618\">\n\t<h3 class=\"heading\" >Li\u00ean l\u1ea1c<\/h3><\/div>\n\n<div class=\"tm-spacer\" id=\"tm-spacer-69ea3a088e880\"><\/div>\n\n<div class=\"tm-heading  left tm-animation move-up\" id=\"tm-heading-69ea3a088e9d2\">\n\t<div class=\"heading\" >Ch\u00fang t\u00f4i ki\u1ec3m tra t\u00ecnh tr\u1ea1ng r\u0103ng mi\u1ec7ng hi\u1ec7n t\u1ea1i c\u1ee7a b\u1ea1n v\u00e0 quy\u1ebft \u0111\u1ecbnh ph\u01b0\u01a1ng ph\u00e1p \u0111i\u1ec1u tr\u1ecb cho b\u1ea1n. C\u00e1c chuy\u00ean gia c\u1ee7a ch\u00fang t\u00f4i s\u1ebd ch\u0103m s\u00f3c n\u1ee5 c\u01b0\u1eddi c\u1ee7a b\u1ea1n m\u1ed9t c\u00e1ch t\u1eadn t\u00e2m.<\/div><\/div>\n\n<div class=\"tm-spacer\" id=\"tm-spacer-69ea3a088ec05\"><\/div>\n<div class=\"tm-contact-form-7  style-01 gutter-30 tm-animation move-up\" id=\"tm-blog-69ea3a088ec97\">\n\t\n<div class=\"wpcf7 no-js\" id=\"wpcf7-f839-o1\" lang=\"en-US\" dir=\"ltr\" data-wpcf7-id=\"839\">\n<div class=\"screen-reader-response\"><p role=\"status\" aria-live=\"polite\" aria-atomic=\"true\"><\/p> <ul><\/ul><\/div>\n<form action=\"\/vi\/wp-json\/wp\/v2\/pages\/823#wpcf7-f839-o1\" method=\"post\" class=\"wpcf7-form init\" aria-label=\"Contact form\" novalidate=\"novalidate\" data-status=\"init\" data-trp-original-action=\"\/vi\/wp-json\/wp\/v2\/pages\/823#wpcf7-f839-o1\">\n<fieldset class=\"hidden-fields-container\"><input type=\"hidden\" name=\"_wpcf7\" value=\"839\" \/><input type=\"hidden\" name=\"_wpcf7_version\" value=\"6.1.5\" \/><input type=\"hidden\" name=\"_wpcf7_locale\" value=\"en_US\" \/><input type=\"hidden\" name=\"_wpcf7_unit_tag\" value=\"wpcf7-f839-o1\" \/><input type=\"hidden\" name=\"_wpcf7_container_post\" value=\"0\" \/><input type=\"hidden\" name=\"_wpcf7_posted_data_hash\" value=\"\" \/>\n<\/fieldset>\n<div class=\"row\">\n\t<div class=\"col-md-6\">\n\t\t<p><label>T\u00ean \u0111\u1ea7u ti\u00ean<\/label><br \/>\n<span class=\"wpcf7-form-control-wrap\" data-name=\"your-first-name\"><input size=\"40\" maxlength=\"400\" class=\"wpcf7-form-control wpcf7-text wpcf7-validates-as-required\" aria-required=\"true\" aria-invalid=\"false\" placeholder=\"v\u00ed d\u1ee5, Jonh Doe\" value=\"\" type=\"text\" name=\"your-first-name\" \/><\/span>\n\t\t<\/p>\n\t<\/div>\n\t<div class=\"col-md-6\">\n\t\t<p><label>H\u1ecd<\/label><br \/>\n<span class=\"wpcf7-form-control-wrap\" data-name=\"your-last-name\"><input size=\"40\" maxlength=\"400\" class=\"wpcf7-form-control wpcf7-text wpcf7-validates-as-required\" aria-required=\"true\" aria-invalid=\"false\" placeholder=\"Nh\u1eadp h\u1ecd c\u1ee7a b\u1ea1n\" value=\"\" type=\"text\" name=\"your-last-name\" \/><\/span>\n\t\t<\/p>\n\t<\/div>\n\t<div class=\"col-md-6\">\n\t\t<p><label>Email c\u1ee7a b\u1ea1n<\/label><br \/>\n<span class=\"wpcf7-form-control-wrap\" data-name=\"your-email\"><input size=\"40\" maxlength=\"400\" class=\"wpcf7-form-control wpcf7-email wpcf7-validates-as-required wpcf7-text wpcf7-validates-as-email\" aria-required=\"true\" aria-invalid=\"false\" placeholder=\"Nh\u1eadp email c\u1ee7a b\u1ea1n\u2026\" value=\"\" type=\"email\" name=\"your-email\" \/><\/span>\n\t\t<\/p>\n\t<\/div>\n\t<div class=\"col-md-6\">\n\t\t<p><label>S\u1ed1 \u0111i\u1ec7n tho\u1ea1i c\u1ee7a b\u1ea1n\u2026<\/label><br \/>\n<span class=\"wpcf7-form-control-wrap\" data-name=\"your-phone\"><input size=\"40\" maxlength=\"400\" class=\"wpcf7-form-control wpcf7-tel wpcf7-validates-as-required wpcf7-text wpcf7-validates-as-tel\" aria-required=\"true\" aria-invalid=\"false\" placeholder=\"Nh\u1eadp s\u1ed1 \u0111i\u1ec7n tho\u1ea1i c\u1ee7a b\u1ea1n\u2026\" value=\"\" type=\"tel\" name=\"your-phone\" \/><\/span>\n\t\t<\/p>\n\t<\/div>\n\t<div class=\"col-md-12\">\n\t\t<p><label>Tin nh\u1eafn c\u1ee7a b\u1ea1n<\/label><br \/>\n<span class=\"wpcf7-form-control-wrap\" data-name=\"your-message\"><textarea cols=\"40\" rows=\"10\" maxlength=\"2000\" class=\"wpcf7-form-control wpcf7-textarea\" aria-invalid=\"false\" placeholder=\"Nh\u1eadp tin nh\u1eafn c\u1ee7a b\u1ea1n\u2026\" name=\"your-message\"><\/textarea><\/span>\n\t\t<\/p>\n\t<\/div>\n\t<div class=\"col-md-12\">\n\t\t<p><input class=\"wpcf7-form-control wpcf7-submit has-spinner\" type=\"submit\" value=\"G\u1eedi th\u00f4ng tin\" \/>\n\t\t<\/p>\n\t<\/div>\n<\/div><div class=\"wpcf7-response-output\" aria-hidden=\"true\"><\/div>\n<input type=\"hidden\" name=\"trp-form-language\" value=\"vi\"\/><\/form>\n<\/div>\n<\/div>\n<div class=\"tm-spacer\" id=\"tm-spacer-69ea3a0890f96\"><\/div>\n<\/div><\/div><\/div><div id=\"tm-column-69ea3a08911cb\" class=\"wpb_column vc_column_container vc_col-sm-12 vc_col-lg-offset-1 vc_col-lg-4 vc_col-md-4\"><div class=\"vc_column-inner\"><div class=\"wpb_wrapper\"><div id=\"tm-row-inner-69ea3a08914c9\" class=\"vc_row vc_inner vc_row-fluid\"><div id=\"tm-column-inner-69ea3a0891760\" class=\"wpb_column vc_column_container vc_col-sm-12\"><div class=\"vc_column-inner\"><div class=\"wpb_wrapper\"><div class=\"tm-spacer\" id=\"tm-spacer-69ea3a08918be\"><\/div>\n<div class=\"tm-box-icon  style-12 tm-animation move-up\" id=\"tm-box-icon-69ea3a0891bec\">\n\t\t<div class=\"content-wrap\">\n\n\t\n\t\t\t\t\t\t\t\t<div class=\"icon\">\n\t\t\t\t\t\t<span class=\"fal fa-map\"><\/span>\n\t\t\t\t\t<\/div>\n\t\t\t\t\t\t\n\t<div class=\"content\">\n\t\t<div class=\"box-header\">\n\t\t\t\t\t\t\t<h4 class=\"heading\">\n\t\t\t\t\t\n\t\t\t\t\t\t69 T\u1ea1 M\u1ef9 Du\u1eadt, An H\u1ea3i B\u1eafc, S\u01a1n Tr\u00e0, \u0110\u00e0 N\u1eb5ng\n\t\t\t\t\t\t\n\t\t\t\t<\/h4>\n\t\t\t\t\t<\/div>\n\n\t\t\t\t\t<div class=\"text\">New York, NY 941<\/div>\t\t\n\t\t\t<\/div>\n<\/div>\n<\/div>\n<div class=\"tm-box-icon  style-12 tm-animation move-up\" id=\"tm-box-icon-69ea3a0892455\">\n\t\t<div class=\"content-wrap\">\n\n\t\n\t\t\t\t\t\t\t\t<div class=\"icon\">\n\t\t\t\t\t\t<span class=\"fal fa-map\"><\/span>\n\t\t\t\t\t<\/div>\n\t\t\t\t\t\t\n\t<div class=\"content\">\n\t\t<div class=\"box-header\">\n\t\t\t\t\t\t\t<h4 class=\"heading\">\n\t\t\t\t\t\t\t\t\t\t<a class=\"link-secret\" href=\"tel:%20+84913412568\"\n\t\t\t\t\t\t\t\t\t\t\t>\n\t\t\t\t\t\t\n\t\t\t\t\t\t+84 913 412 568\n\t\t\t\t\t\t\t\t\t\t\t<\/a>\n\t\t\t\t\n\t\t\t\t<\/h4>\n\t\t\t\t\t<\/div>\n\n\t\t\t\t\t<div class=\"text\">H\u00e3y g\u1ecdi cho ch\u00fang t\u00f4i \u0111\u1ec3 \u0111\u01b0\u1ee3c h\u1ed7 tr\u1ee3<\/div>\t\t\n\t\t\t<\/div>\n<\/div>\n<\/div>\n<div class=\"tm-box-icon  style-12 tm-animation move-up\" id=\"tm-box-icon-69ea3a0892a27\">\n\t\t<div class=\"content-wrap\">\n\n\t\n\t\t\t\t\t\t\t\t<div class=\"icon\">\n\t\t\t\t\t\t<span class=\"fal fa-envelope\"><\/span>\n\t\t\t\t\t<\/div>\n\t\t\t\t\t\t\n\t<div class=\"content\">\n\t\t<div class=\"box-header\">\n\t\t\t\t\t\t\t<h4 class=\"heading\">\n\t\t\t\t\t\t\t\t\t\t<a class=\"link-secret\" href=\"mailto:info@eastmeetswestdental.org\"\n\t\t\t\t\t\t\t\t\t\t\t>\n\t\t\t\t\t\t\n\t\t\t\t\t\tinfo@eastmeetswestdental.org\n\t\t\t\t\t\t\t\t\t\t\t<\/a>\n\t\t\t\t\n\t\t\t\t<\/h4>\n\t\t\t\t\t<\/div>\n\n\t\t\t\t\t<div class=\"text\">G\u1eedi email cho ch\u00fang t\u00f4i ngay b\u00e2y gi\u1edd<\/div>\t\t\n\t\t\t<\/div>\n<\/div>\n<\/div>\n<div class=\"tm-box-icon  style-12 tm-animation move-up\" id=\"tm-box-icon-69ea3a0892fc2\">\n\t\t<div class=\"content-wrap\">\n\n\t\n\t\t\t\t\t\t\t\t<div class=\"icon\">\n\t\t\t\t\t\t<span class=\"fal fa-clock\"><\/span>\n\t\t\t\t\t<\/div>\n\t\t\t\t\t\t\n\t<div class=\"content\">\n\t\t<div class=\"box-header\">\n\t\t\t\t\t\t\t<h4 class=\"heading\">\n\t\t\t\t\t\n\t\t\t\t\t\tMon-Sat: 8:00 - 12:00 | 13:30 - 17:30\n\t\t\t\t\t\t\n\t\t\t\t<\/h4>\n\t\t\t\t\t<\/div>\n\n\t\t\t\t\t<div class=\"text\">Tr\u00f2 chuy\u1ec7n c\u00f3 s\u1eb5n<\/div>\t\t\n\t\t\t<\/div>\n<\/div>\n<\/div>\n<div class=\"tm-spacer\" id=\"tm-spacer-69ea3a08934ae\"><\/div>\n<\/div><\/div><\/div><\/div><div class=\"tm-spacer\" id=\"tm-spacer-69ea3a08935ef\"><\/div>\n<\/div><\/div><\/div><\/div><div class=\"vc_row-full-width vc_clearfix\"><\/div>\n<\/div>","protected":false},"excerpt":{"rendered":"Get In Touch We check for your current dental situation and decide your treatment. Our specialists will take care of your smile with dedication. First name Latst name Your email Your phone number\u2026 Your mesage 69 Ta My Duat St., An Hai Bac, Son Tra, Da Nang New York, NY 941 +84 913 412 568 Call us to get support info@eastmeetswestdental.org Email us now Mon-Sat: 8:00 - 12:00 | 13:30 - 17:30 Chat available","protected":false},"author":1,"featured_media":0,"parent":0,"menu_order":8,"comment_status":"closed","ping_status":"closed","template":"","meta":{"rs_blank_template":"","rs_page_bg_color":"","slide_template_v7":"","footnotes":""},"class_list":["post-823","page","type-page","status-publish","hentry"],"yoast_head":"<!-- This site is optimized with the Yoast SEO plugin v27.4 - https:\/\/yoast.com\/product\/yoast-seo-wordpress\/ -->\n<title>Contact - East Meets West Dental<\/title>\n<meta name=\"robots\" content=\"index, follow, max-snippet:-1, max-image-preview:large, max-video-preview:-1\" \/>\n<link rel=\"canonical\" href=\"https:\/\/eastmeetswestdental.org\/vi\/contact\/\" \/>\n<meta property=\"og:locale\" content=\"vi_VN\" \/>\n<meta property=\"og:type\" content=\"article\" \/>\n<meta property=\"og:title\" content=\"Contact - East Meets West Dental\" \/>\n<meta property=\"og:url\" content=\"https:\/\/eastmeetswestdental.org\/vi\/contact\/\" \/>\n<meta property=\"og:site_name\" content=\"East Meets West Dental\" \/>\n<meta property=\"article:modified_time\" content=\"2025-05-19T07:31:55+00:00\" \/>\n<meta name=\"twitter:card\" content=\"summary_large_image\" \/>\n<meta name=\"twitter:label1\" content=\"\u01af\u1edbc t\u00ednh th\u1eddi gian \u0111\u1ecdc\" \/>\n\t<meta name=\"twitter:data1\" content=\"1 ph\u00fat\" \/>\n<script type=\"application\/ld+json\" class=\"yoast-schema-graph\">{\"@context\":\"https:\\\/\\\/schema.org\",\"@graph\":[{\"@type\":\"WebPage\",\"@id\":\"https:\\\/\\\/eastmeetswestdental.org\\\/contact\\\/\",\"url\":\"https:\\\/\\\/eastmeetswestdental.org\\\/contact\\\/\",\"name\":\"Contact - East Meets West Dental\",\"isPartOf\":{\"@id\":\"https:\\\/\\\/eastmeetswestdental.org\\\/#website\"},\"datePublished\":\"2019-07-01T07:40:28+00:00\",\"dateModified\":\"2025-05-19T07:31:55+00:00\",\"breadcrumb\":{\"@id\":\"https:\\\/\\\/eastmeetswestdental.org\\\/contact\\\/#breadcrumb\"},\"inLanguage\":\"vi\",\"potentialAction\":[{\"@type\":\"ReadAction\",\"target\":[\"https:\\\/\\\/eastmeetswestdental.org\\\/contact\\\/\"]}]},{\"@type\":\"BreadcrumbList\",\"@id\":\"https:\\\/\\\/eastmeetswestdental.org\\\/contact\\\/#breadcrumb\",\"itemListElement\":[{\"@type\":\"ListItem\",\"position\":1,\"name\":\"Home\",\"item\":\"https:\\\/\\\/eastmeetswestdental.org\\\/\"},{\"@type\":\"ListItem\",\"position\":2,\"name\":\"Contact\"}]},{\"@type\":\"WebSite\",\"@id\":\"https:\\\/\\\/eastmeetswestdental.org\\\/#website\",\"url\":\"https:\\\/\\\/eastmeetswestdental.org\\\/\",\"name\":\"East Meets West Dental\",\"description\":\"Your healthy smile is our happiness!\",\"potentialAction\":[{\"@type\":\"SearchAction\",\"target\":{\"@type\":\"EntryPoint\",\"urlTemplate\":\"https:\\\/\\\/eastmeetswestdental.org\\\/?s={search_term_string}\"},\"query-input\":{\"@type\":\"PropertyValueSpecification\",\"valueRequired\":true,\"valueName\":\"search_term_string\"}}],\"inLanguage\":\"vi\"}]}<\/script>\n<!-- \/ Yoast SEO plugin. -->","yoast_head_json":{"title":"Contact - East Meets West Dental","robots":{"index":"index","follow":"follow","max-snippet":"max-snippet:-1","max-image-preview":"max-image-preview:large","max-video-preview":"max-video-preview:-1"},"canonical":"https:\/\/eastmeetswestdental.org\/vi\/contact\/","og_locale":"vi_VN","og_type":"article","og_title":"Contact - East Meets West Dental","og_url":"https:\/\/eastmeetswestdental.org\/vi\/contact\/","og_site_name":"East Meets West Dental","article_modified_time":"2025-05-19T07:31:55+00:00","twitter_card":"summary_large_image","twitter_misc":{"\u01af\u1edbc t\u00ednh th\u1eddi gian \u0111\u1ecdc":"1 ph\u00fat"},"schema":{"@context":"https:\/\/schema.org","@graph":[{"@type":"WebPage","@id":"https:\/\/eastmeetswestdental.org\/contact\/","url":"https:\/\/eastmeetswestdental.org\/contact\/","name":"Contact - East Meets West Dental","isPartOf":{"@id":"https:\/\/eastmeetswestdental.org\/#website"},"datePublished":"2019-07-01T07:40:28+00:00","dateModified":"2025-05-19T07:31:55+00:00","breadcrumb":{"@id":"https:\/\/eastmeetswestdental.org\/contact\/#breadcrumb"},"inLanguage":"vi","potentialAction":[{"@type":"ReadAction","target":["https:\/\/eastmeetswestdental.org\/contact\/"]}]},{"@type":"BreadcrumbList","@id":"https:\/\/eastmeetswestdental.org\/contact\/#breadcrumb","itemListElement":[{"@type":"ListItem","position":1,"name":"Home","item":"https:\/\/eastmeetswestdental.org\/"},{"@type":"ListItem","position":2,"name":"Contact"}]},{"@type":"WebSite","@id":"https:\/\/eastmeetswestdental.org\/#website","url":"https:\/\/eastmeetswestdental.org\/","name":"Nha khoa \u0110\u00f4ng T\u00e2y T\u00e2y","description":"N\u1ee5 c\u01b0\u1eddi kh\u1ecfe m\u1ea1nh c\u1ee7a b\u1ea1n <br \/> l\u00e0 h\u1ea1nh ph\u00fac c\u1ee7a ch\u00fang t\u00f4i!","potentialAction":[{"@type":"SearchAction","target":{"@type":"EntryPoint","urlTemplate":"https:\/\/eastmeetswestdental.org\/?s={search_term_string}"},"query-input":{"@type":"PropertyValueSpecification","valueRequired":true,"valueName":"search_term_string"}}],"inLanguage":"vi"}]}},"_links":{"self":[{"href":"https:\/\/eastmeetswestdental.org\/vi\/wp-json\/wp\/v2\/pages\/823","targetHints":{"allow":["GET"]}}],"collection":[{"href":"https:\/\/eastmeetswestdental.org\/vi\/wp-json\/wp\/v2\/pages"}],"about":[{"href":"https:\/\/eastmeetswestdental.org\/vi\/wp-json\/wp\/v2\/types\/page"}],"author":[{"embeddable":true,"href":"https:\/\/eastmeetswestdental.org\/vi\/wp-json\/wp\/v2\/users\/1"}],"replies":[{"embeddable":true,"href":"https:\/\/eastmeetswestdental.org\/vi\/wp-json\/wp\/v2\/comments?post=823"}],"version-history":[{"count":0,"href":"https:\/\/eastmeetswestdental.org\/vi\/wp-json\/wp\/v2\/pages\/823\/revisions"}],"wp:attachment":[{"href":"https:\/\/eastmeetswestdental.org\/vi\/wp-json\/wp\/v2\/media?parent=823"}],"curies":[{"name":"wp","href":"https:\/\/api.w.org\/{rel}","templated":true}]}}