{"id":5502,"date":"2025-03-18T13:53:47","date_gmt":"2025-03-18T06:53:47","guid":{"rendered":"https:\/\/eastmeetswestdental.org\/?page_id=5502"},"modified":"2025-03-18T17:20:03","modified_gmt":"2025-03-18T10:20:03","slug":"our-donors-and-sponsors","status":"publish","type":"page","link":"https:\/\/eastmeetswestdental.org\/vi\/about-us\/our-donors-and-sponsors\/","title":{"rendered":"C\u00e1c nh\u00e0 t\u00e0i tr\u1ee3 c\u1ee7a ch\u00fang t\u00f4i"},"content":{"rendered":"<div class=\"wpb-content-wrapper\"><div id=\"tm-row-69eb051498627\" class=\"vc_row vc_row-outer vc_row-fluid\"><div id=\"tm-column-69eb051498c55\" class=\"wpb_column vc_column_container vc_col-sm-12\"><div class=\"vc_column-inner\"><div class=\"wpb_wrapper\"><div class=\"vc_separator wpb_content_element vc_separator_align_center vc_sep_width_100 vc_sep_pos_align_center vc_separator_no_text wpb_content_element\" ><span class=\"vc_sep_holder vc_sep_holder_l\"><span style=\"border-color:#eeeeee;\" class=\"vc_sep_line\"><\/span><\/span><span class=\"vc_sep_holder vc_sep_holder_r\"><span style=\"border-color:#eeeeee;\" class=\"vc_sep_line\"><\/span><\/span>\n<\/div><div class=\"tm-spacer\" id=\"tm-spacer-69eb05149908f\"><\/div>\n<div class=\"tm-client style-grid hover-main-move-up tm-animation move-up\" id=\"tm-client-69eb0514992f3\">\n\n\t<div class=\"modern-grid\">\n\n\t\t\t<div class=\"grid-item\">\n\n\t\t\t\n\t\t\t<div class=\"grid-inner\">\n\t\t\t\t<div class=\"inner\">\n\t\t\t\t\t\t\t\t\t\t\t<div class=\"image\">\n\t\t\t\t\t\t\t\t\t\t\t\t\t\t<img decoding=\"async\" src=\"https:\/\/eastmeetswestdental.org\/wp-content\/uploads\/2025\/03\/z6418640071674_4c40b5d3f735357863799f8e1332b8b8.jpg\"\n\t\t\t\t\t\t\t     alt=\"Client Logo\"\/>\n\t\t\t\t\t\t<\/div>\n\t\t\t\t\t\t\t\t\t\t\t\t\t\t<\/div>\n\t\t\t<\/div>\n\n\t\t\t\n\t\t<\/div>\n\t\t\t<div class=\"grid-item\">\n\n\t\t\t\n\t\t\t<div class=\"grid-inner\">\n\t\t\t\t<div class=\"inner\">\n\t\t\t\t\t\t\t\t\t\t\t<div class=\"image\">\n\t\t\t\t\t\t\t\t\t\t\t\t\t\t<img decoding=\"async\" src=\"https:\/\/eastmeetswestdental.org\/wp-content\/uploads\/2025\/03\/z6418640083078_dadc7aca1851f8cab5796b862e18f7d9.jpg\"\n\t\t\t\t\t\t\t     alt=\"Client Logo\"\/>\n\t\t\t\t\t\t<\/div>\n\t\t\t\t\t\t\t\t\t\t\t\t\t\t<\/div>\n\t\t\t<\/div>\n\n\t\t\t\n\t\t<\/div>\n\t\t\t<div class=\"grid-item\">\n\n\t\t\t\n\t\t\t<div class=\"grid-inner\">\n\t\t\t\t<div class=\"inner\">\n\t\t\t\t\t\t\t\t\t\t\t<div class=\"image\">\n\t\t\t\t\t\t\t\t\t\t\t\t\t\t<img decoding=\"async\" src=\"https:\/\/eastmeetswestdental.org\/wp-content\/uploads\/2025\/03\/z6418640093087_c185b782517927b536c99d1d87de812b.jpg\"\n\t\t\t\t\t\t\t     alt=\"Client Logo\"\/>\n\t\t\t\t\t\t<\/div>\n\t\t\t\t\t\t\t\t\t\t\t\t\t\t<\/div>\n\t\t\t<\/div>\n\n\t\t\t\n\t\t<\/div>\n\t\t\t<div class=\"grid-item\">\n\n\t\t\t\n\t\t\t<div class=\"grid-inner\">\n\t\t\t\t<div class=\"inner\">\n\t\t\t\t\t\t\t\t\t\t\t<div class=\"image\">\n\t\t\t\t\t\t\t\t\t\t\t\t\t\t<img decoding=\"async\" src=\"https:\/\/eastmeetswestdental.org\/wp-content\/uploads\/2025\/03\/z6418640099746_40f85a68478f2f000be5db22c80dec0e.jpg\"\n\t\t\t\t\t\t\t     alt=\"Client Logo\"\/>\n\t\t\t\t\t\t<\/div>\n\t\t\t\t\t\t\t\t\t\t\t\t\t\t<\/div>\n\t\t\t<\/div>\n\n\t\t\t\n\t\t<\/div>\n\t\t\t<div class=\"grid-item\">\n\n\t\t\t\n\t\t\t<div class=\"grid-inner\">\n\t\t\t\t<div class=\"inner\">\n\t\t\t\t\t\t\t\t\t\t\t<div class=\"image\">\n\t\t\t\t\t\t\t\t\t\t\t\t\t\t<img decoding=\"async\" src=\"https:\/\/eastmeetswestdental.org\/wp-content\/uploads\/2025\/03\/z6418640104656_dbfa7b8675a91d8e63e2b99c5e5b8b38.jpg\"\n\t\t\t\t\t\t\t     alt=\"Client Logo\"\/>\n\t\t\t\t\t\t<\/div>\n\t\t\t\t\t\t\t\t\t\t\t\t\t\t<\/div>\n\t\t\t<\/div>\n\n\t\t\t\n\t\t<\/div>\n\t\t\t<div class=\"grid-item\">\n\n\t\t\t\n\t\t\t<div class=\"grid-inner\">\n\t\t\t\t<div class=\"inner\">\n\t\t\t\t\t\t\t\t\t\t\t<div class=\"image\">\n\t\t\t\t\t\t\t\t\t\t\t\t\t\t<img decoding=\"async\" src=\"https:\/\/eastmeetswestdental.org\/wp-content\/uploads\/2025\/03\/z6418640110279_a5afc709b96a4a548b67ee523188d3af.jpg\"\n\t\t\t\t\t\t\t     alt=\"Client Logo\"\/>\n\t\t\t\t\t\t<\/div>\n\t\t\t\t\t\t\t\t\t\t\t\t\t\t<\/div>\n\t\t\t<\/div>\n\n\t\t\t\n\t\t<\/div>\n\t\t\t<div class=\"grid-item\">\n\n\t\t\t\n\t\t\t<div class=\"grid-inner\">\n\t\t\t\t<div class=\"inner\">\n\t\t\t\t\t\t\t\t\t\t\t<div class=\"image\">\n\t\t\t\t\t\t\t\t\t\t\t\t\t\t<img decoding=\"async\" src=\"https:\/\/eastmeetswestdental.org\/wp-content\/uploads\/2025\/03\/z6418640118828_7a4c166ce42fac267e3470f395f332ae.jpg\"\n\t\t\t\t\t\t\t     alt=\"Client Logo\"\/>\n\t\t\t\t\t\t<\/div>\n\t\t\t\t\t\t\t\t\t\t\t\t\t\t<\/div>\n\t\t\t<\/div>\n\n\t\t\t\n\t\t<\/div>\n\t\t\t<div class=\"grid-item\">\n\n\t\t\t\n\t\t\t<div class=\"grid-inner\">\n\t\t\t\t<div class=\"inner\">\n\t\t\t\t\t\t\t\t\t\t\t<div class=\"image\">\n\t\t\t\t\t\t\t\t\t\t\t\t\t\t<img decoding=\"async\" src=\"https:\/\/eastmeetswestdental.org\/wp-content\/uploads\/2025\/03\/z6418640125152_4c46cef856cc26a9a7c681208280a112.jpg\"\n\t\t\t\t\t\t\t     alt=\"Client Logo\"\/>\n\t\t\t\t\t\t<\/div>\n\t\t\t\t\t\t\t\t\t\t\t\t\t\t<\/div>\n\t\t\t<\/div>\n\n\t\t\t\n\t\t<\/div>\n\t\t\t<div class=\"grid-item\">\n\n\t\t\t\n\t\t\t<div class=\"grid-inner\">\n\t\t\t\t<div class=\"inner\">\n\t\t\t\t\t\t\t\t\t\t\t<div class=\"image\">\n\t\t\t\t\t\t\t\t\t\t\t\t\t\t<img decoding=\"async\" src=\"https:\/\/eastmeetswestdental.org\/wp-content\/uploads\/2025\/03\/z6418640129890_5c77b5799e501e997f8ccee1e8a9f983.jpg\"\n\t\t\t\t\t\t\t     alt=\"Client Logo\"\/>\n\t\t\t\t\t\t<\/div>\n\t\t\t\t\t\t\t\t\t\t\t\t\t\t<\/div>\n\t\t\t<\/div>\n\n\t\t\t\n\t\t<\/div>\n\t\n<\/div>\n\n<\/div>\n<div class=\"tm-spacer\" id=\"tm-spacer-69eb05149af9a\"><\/div>\n<\/div><\/div><\/div><\/div>\n<\/div>","protected":false},"excerpt":{"rendered":"","protected":false},"author":1,"featured_media":0,"parent":104,"menu_order":4,"comment_status":"closed","ping_status":"closed","template":"","meta":{"rs_blank_template":"","rs_page_bg_color":"","slide_template_v7":"","footnotes":""},"class_list":["post-5502","page","type-page","status-publish","hentry"],"yoast_head":"<!-- This site is optimized with the Yoast SEO plugin v27.4 - https:\/\/yoast.com\/product\/yoast-seo-wordpress\/ -->\n<title>Our donors and sponsors - East Meets West Dental<\/title>\n<meta name=\"robots\" content=\"index, follow, max-snippet:-1, max-image-preview:large, max-video-preview:-1\" \/>\n<link rel=\"canonical\" href=\"https:\/\/eastmeetswestdental.org\/vi\/about-us\/our-donors-and-sponsors\/\" \/>\n<meta property=\"og:locale\" content=\"vi_VN\" \/>\n<meta property=\"og:type\" content=\"article\" \/>\n<meta property=\"og:title\" content=\"Our donors and sponsors - East Meets West Dental\" \/>\n<meta property=\"og:url\" content=\"https:\/\/eastmeetswestdental.org\/vi\/about-us\/our-donors-and-sponsors\/\" \/>\n<meta property=\"og:site_name\" content=\"East Meets West Dental\" \/>\n<meta property=\"article:modified_time\" content=\"2025-03-18T10:20:03+00:00\" \/>\n<meta name=\"twitter:card\" content=\"summary_large_image\" \/>\n<meta name=\"twitter:label1\" content=\"\u01af\u1edbc t\u00ednh th\u1eddi gian \u0111\u1ecdc\" \/>\n\t<meta name=\"twitter:data1\" content=\"1 ph\u00fat\" \/>\n<script type=\"application\/ld+json\" class=\"yoast-schema-graph\">{\"@context\":\"https:\\\/\\\/schema.org\",\"@graph\":[{\"@type\":\"WebPage\",\"@id\":\"https:\\\/\\\/eastmeetswestdental.org\\\/about-us\\\/our-donors-and-sponsors\\\/\",\"url\":\"https:\\\/\\\/eastmeetswestdental.org\\\/about-us\\\/our-donors-and-sponsors\\\/\",\"name\":\"Our donors and sponsors - East Meets West Dental\",\"isPartOf\":{\"@id\":\"https:\\\/\\\/eastmeetswestdental.org\\\/#website\"},\"datePublished\":\"2025-03-18T06:53:47+00:00\",\"dateModified\":\"2025-03-18T10:20:03+00:00\",\"breadcrumb\":{\"@id\":\"https:\\\/\\\/eastmeetswestdental.org\\\/about-us\\\/our-donors-and-sponsors\\\/#breadcrumb\"},\"inLanguage\":\"vi\",\"potentialAction\":[{\"@type\":\"ReadAction\",\"target\":[\"https:\\\/\\\/eastmeetswestdental.org\\\/about-us\\\/our-donors-and-sponsors\\\/\"]}]},{\"@type\":\"BreadcrumbList\",\"@id\":\"https:\\\/\\\/eastmeetswestdental.org\\\/about-us\\\/our-donors-and-sponsors\\\/#breadcrumb\",\"itemListElement\":[{\"@type\":\"ListItem\",\"position\":1,\"name\":\"Home\",\"item\":\"https:\\\/\\\/eastmeetswestdental.org\\\/\"},{\"@type\":\"ListItem\",\"position\":2,\"name\":\"About us\",\"item\":\"https:\\\/\\\/eastmeetswestdental.org\\\/about-us\\\/\"},{\"@type\":\"ListItem\",\"position\":3,\"name\":\"Our donors and sponsors\"}]},{\"@type\":\"WebSite\",\"@id\":\"https:\\\/\\\/eastmeetswestdental.org\\\/#website\",\"url\":\"https:\\\/\\\/eastmeetswestdental.org\\\/\",\"name\":\"East Meets West Dental\",\"description\":\"Your healthy smile is our happiness!\",\"potentialAction\":[{\"@type\":\"SearchAction\",\"target\":{\"@type\":\"EntryPoint\",\"urlTemplate\":\"https:\\\/\\\/eastmeetswestdental.org\\\/?s={search_term_string}\"},\"query-input\":{\"@type\":\"PropertyValueSpecification\",\"valueRequired\":true,\"valueName\":\"search_term_string\"}}],\"inLanguage\":\"vi\"}]}<\/script>\n<!-- \/ Yoast SEO plugin. -->","yoast_head_json":{"title":"Our donors and sponsors - East Meets West Dental","robots":{"index":"index","follow":"follow","max-snippet":"max-snippet:-1","max-image-preview":"max-image-preview:large","max-video-preview":"max-video-preview:-1"},"canonical":"https:\/\/eastmeetswestdental.org\/vi\/about-us\/our-donors-and-sponsors\/","og_locale":"vi_VN","og_type":"article","og_title":"Our donors and sponsors - East Meets West Dental","og_url":"https:\/\/eastmeetswestdental.org\/vi\/about-us\/our-donors-and-sponsors\/","og_site_name":"East Meets West Dental","article_modified_time":"2025-03-18T10:20:03+00:00","twitter_card":"summary_large_image","twitter_misc":{"\u01af\u1edbc t\u00ednh th\u1eddi gian \u0111\u1ecdc":"1 ph\u00fat"},"schema":{"@context":"https:\/\/schema.org","@graph":[{"@type":"WebPage","@id":"https:\/\/eastmeetswestdental.org\/about-us\/our-donors-and-sponsors\/","url":"https:\/\/eastmeetswestdental.org\/about-us\/our-donors-and-sponsors\/","name":"Our donors and sponsors - East Meets West Dental","isPartOf":{"@id":"https:\/\/eastmeetswestdental.org\/#website"},"datePublished":"2025-03-18T06:53:47+00:00","dateModified":"2025-03-18T10:20:03+00:00","breadcrumb":{"@id":"https:\/\/eastmeetswestdental.org\/about-us\/our-donors-and-sponsors\/#breadcrumb"},"inLanguage":"vi","potentialAction":[{"@type":"ReadAction","target":["https:\/\/eastmeetswestdental.org\/about-us\/our-donors-and-sponsors\/"]}]},{"@type":"BreadcrumbList","@id":"https:\/\/eastmeetswestdental.org\/about-us\/our-donors-and-sponsors\/#breadcrumb","itemListElement":[{"@type":"ListItem","position":1,"name":"Home","item":"https:\/\/eastmeetswestdental.org\/"},{"@type":"ListItem","position":2,"name":"About us","item":"https:\/\/eastmeetswestdental.org\/about-us\/"},{"@type":"ListItem","position":3,"name":"Our donors and sponsors"}]},{"@type":"WebSite","@id":"https:\/\/eastmeetswestdental.org\/#website","url":"https:\/\/eastmeetswestdental.org\/","name":"Nha khoa \u0110\u00f4ng T\u00e2y T\u00e2y","description":"N\u1ee5 c\u01b0\u1eddi kh\u1ecfe m\u1ea1nh c\u1ee7a b\u1ea1n <br \/> l\u00e0 h\u1ea1nh ph\u00fac c\u1ee7a ch\u00fang t\u00f4i!","potentialAction":[{"@type":"SearchAction","target":{"@type":"EntryPoint","urlTemplate":"https:\/\/eastmeetswestdental.org\/?s={search_term_string}"},"query-input":{"@type":"PropertyValueSpecification","valueRequired":true,"valueName":"search_term_string"}}],"inLanguage":"vi"}]}},"_links":{"self":[{"href":"https:\/\/eastmeetswestdental.org\/vi\/wp-json\/wp\/v2\/pages\/5502","targetHints":{"allow":["GET"]}}],"collection":[{"href":"https:\/\/eastmeetswestdental.org\/vi\/wp-json\/wp\/v2\/pages"}],"about":[{"href":"https:\/\/eastmeetswestdental.org\/vi\/wp-json\/wp\/v2\/types\/page"}],"author":[{"embeddable":true,"href":"https:\/\/eastmeetswestdental.org\/vi\/wp-json\/wp\/v2\/users\/1"}],"replies":[{"embeddable":true,"href":"https:\/\/eastmeetswestdental.org\/vi\/wp-json\/wp\/v2\/comments?post=5502"}],"version-history":[{"count":0,"href":"https:\/\/eastmeetswestdental.org\/vi\/wp-json\/wp\/v2\/pages\/5502\/revisions"}],"up":[{"embeddable":true,"href":"https:\/\/eastmeetswestdental.org\/vi\/wp-json\/wp\/v2\/pages\/104"}],"wp:attachment":[{"href":"https:\/\/eastmeetswestdental.org\/vi\/wp-json\/wp\/v2\/media?parent=5502"}],"curies":[{"name":"wp","href":"https:\/\/api.w.org\/{rel}","templated":true}]}}