{"id":28,"date":"2019-04-23T02:38:57","date_gmt":"2019-04-23T02:38:57","guid":{"rendered":"https:\/\/demo.eastmeetswestdental.org\/index.php\/elements\/clients\/"},"modified":"2025-03-18T13:36:07","modified_gmt":"2025-03-18T06:36:07","slug":"our-partners","status":"publish","type":"page","link":"https:\/\/eastmeetswestdental.org\/vi\/about-us\/our-partners\/","title":{"rendered":"C\u1ed9ng s\u1ef1 c\u1ee7a ch\u00fang t\u00f4i"},"content":{"rendered":"<div class=\"wpb-content-wrapper\"><div id=\"tm-row-69eb754154bfe\" class=\"vc_row vc_row-outer vc_row-fluid\"><div id=\"tm-column-69eb754155185\" class=\"wpb_column vc_column_container vc_col-sm-12\"><div class=\"vc_column-inner\"><div class=\"wpb_wrapper\"><div class=\"vc_separator wpb_content_element vc_separator_align_center vc_sep_width_100 vc_sep_pos_align_center vc_separator_no_text wpb_content_element\" ><span class=\"vc_sep_holder vc_sep_holder_l\"><span style=\"border-color:#eeeeee;\" class=\"vc_sep_line\"><\/span><\/span><span class=\"vc_sep_holder vc_sep_holder_r\"><span style=\"border-color:#eeeeee;\" class=\"vc_sep_line\"><\/span><\/span>\n<\/div><div class=\"tm-spacer\" id=\"tm-spacer-69eb754155575\"><\/div>\n<div class=\"tm-client style-grid hover-main-move-up tm-animation move-up\" id=\"tm-client-69eb754155a2a\">\n\n\t<div class=\"modern-grid\">\n\n\t\t\t<div class=\"grid-item\">\n\n\t\t\t\n\t\t\t<div class=\"grid-inner\">\n\t\t\t\t<div class=\"inner\">\n\t\t\t\t\t\t\t\t\t\t\t<div class=\"image\">\n\t\t\t\t\t\t\t\t\t\t\t\t\t\t<img decoding=\"async\" src=\"https:\/\/eastmeetswestdental.org\/wp-content\/uploads\/2025\/03\/z6417350555420_4969bd4f46d0acc81c0244a12797654d.jpg\"\n\t\t\t\t\t\t\t     alt=\"Client Logo\"\/>\n\t\t\t\t\t\t<\/div>\n\t\t\t\t\t\t\t\t\t\t\t\t\t\t<\/div>\n\t\t\t<\/div>\n\n\t\t\t\n\t\t<\/div>\n\t\t\t<div class=\"grid-item\">\n\n\t\t\t\n\t\t\t<div class=\"grid-inner\">\n\t\t\t\t<div class=\"inner\">\n\t\t\t\t\t\t\t\t\t\t\t<div class=\"image\">\n\t\t\t\t\t\t\t\t\t\t\t\t\t\t<img decoding=\"async\" src=\"https:\/\/eastmeetswestdental.org\/wp-content\/uploads\/2025\/03\/z6417350570425_56f4d8f8631aa00b92906587f0e8505b.jpg\"\n\t\t\t\t\t\t\t     alt=\"Client Logo\"\/>\n\t\t\t\t\t\t<\/div>\n\t\t\t\t\t\t\t\t\t\t\t\t\t\t<\/div>\n\t\t\t<\/div>\n\n\t\t\t\n\t\t<\/div>\n\t\t\t<div class=\"grid-item\">\n\n\t\t\t\n\t\t\t<div class=\"grid-inner\">\n\t\t\t\t<div class=\"inner\">\n\t\t\t\t\t\t\t\t\t\t\t<div class=\"image\">\n\t\t\t\t\t\t\t\t\t\t\t\t\t\t<img decoding=\"async\" src=\"https:\/\/eastmeetswestdental.org\/wp-content\/uploads\/2025\/03\/z6417350547060_48dac9e7c8e33d84ff23bf87134c793e.jpg\"\n\t\t\t\t\t\t\t     alt=\"Client Logo\"\/>\n\t\t\t\t\t\t<\/div>\n\t\t\t\t\t\t\t\t\t\t\t\t\t\t<\/div>\n\t\t\t<\/div>\n\n\t\t\t\n\t\t<\/div>\n\t\n<\/div>\n\n<\/div>\n<div class=\"tm-spacer\" id=\"tm-spacer-69eb7541566ee\"><\/div>\n<\/div><\/div><\/div><\/div>\n<\/div>","protected":false},"excerpt":{"rendered":"","protected":false},"author":1,"featured_media":0,"parent":104,"menu_order":4,"comment_status":"closed","ping_status":"open","template":"","meta":{"rs_blank_template":"","rs_page_bg_color":"","slide_template_v7":"","footnotes":""},"class_list":["post-28","page","type-page","status-publish","hentry"],"yoast_head":"<!-- This site is optimized with the Yoast SEO plugin v27.4 - https:\/\/yoast.com\/product\/yoast-seo-wordpress\/ -->\n<title>Our Partners - East Meets West Dental<\/title>\n<meta name=\"robots\" content=\"index, follow, max-snippet:-1, max-image-preview:large, max-video-preview:-1\" \/>\n<link rel=\"canonical\" href=\"https:\/\/eastmeetswestdental.org\/vi\/about-us\/our-partners\/\" \/>\n<meta property=\"og:locale\" content=\"vi_VN\" \/>\n<meta property=\"og:type\" content=\"article\" \/>\n<meta property=\"og:title\" content=\"Our Partners - East Meets West Dental\" \/>\n<meta property=\"og:url\" content=\"https:\/\/eastmeetswestdental.org\/vi\/about-us\/our-partners\/\" \/>\n<meta property=\"og:site_name\" content=\"East Meets West Dental\" \/>\n<meta property=\"article:modified_time\" content=\"2025-03-18T06:36:07+00:00\" \/>\n<meta name=\"twitter:card\" content=\"summary_large_image\" \/>\n<meta name=\"twitter:label1\" content=\"\u01af\u1edbc t\u00ednh th\u1eddi gian \u0111\u1ecdc\" \/>\n\t<meta name=\"twitter:data1\" content=\"1 ph\u00fat\" \/>\n<script type=\"application\/ld+json\" class=\"yoast-schema-graph\">{\"@context\":\"https:\\\/\\\/schema.org\",\"@graph\":[{\"@type\":\"WebPage\",\"@id\":\"https:\\\/\\\/eastmeetswestdental.org\\\/about-us\\\/our-partners\\\/\",\"url\":\"https:\\\/\\\/eastmeetswestdental.org\\\/about-us\\\/our-partners\\\/\",\"name\":\"Our Partners - East Meets West Dental\",\"isPartOf\":{\"@id\":\"https:\\\/\\\/eastmeetswestdental.org\\\/#website\"},\"datePublished\":\"2019-04-23T02:38:57+00:00\",\"dateModified\":\"2025-03-18T06:36:07+00:00\",\"breadcrumb\":{\"@id\":\"https:\\\/\\\/eastmeetswestdental.org\\\/about-us\\\/our-partners\\\/#breadcrumb\"},\"inLanguage\":\"vi\",\"potentialAction\":[{\"@type\":\"ReadAction\",\"target\":[\"https:\\\/\\\/eastmeetswestdental.org\\\/about-us\\\/our-partners\\\/\"]}]},{\"@type\":\"BreadcrumbList\",\"@id\":\"https:\\\/\\\/eastmeetswestdental.org\\\/about-us\\\/our-partners\\\/#breadcrumb\",\"itemListElement\":[{\"@type\":\"ListItem\",\"position\":1,\"name\":\"Home\",\"item\":\"https:\\\/\\\/eastmeetswestdental.org\\\/\"},{\"@type\":\"ListItem\",\"position\":2,\"name\":\"About us\",\"item\":\"https:\\\/\\\/eastmeetswestdental.org\\\/about-us\\\/\"},{\"@type\":\"ListItem\",\"position\":3,\"name\":\"Our Partners\"}]},{\"@type\":\"WebSite\",\"@id\":\"https:\\\/\\\/eastmeetswestdental.org\\\/#website\",\"url\":\"https:\\\/\\\/eastmeetswestdental.org\\\/\",\"name\":\"East Meets West Dental\",\"description\":\"Your healthy smile is our happiness!\",\"potentialAction\":[{\"@type\":\"SearchAction\",\"target\":{\"@type\":\"EntryPoint\",\"urlTemplate\":\"https:\\\/\\\/eastmeetswestdental.org\\\/?s={search_term_string}\"},\"query-input\":{\"@type\":\"PropertyValueSpecification\",\"valueRequired\":true,\"valueName\":\"search_term_string\"}}],\"inLanguage\":\"vi\"}]}<\/script>\n<!-- \/ Yoast SEO plugin. -->","yoast_head_json":{"title":"Our Partners - East Meets West Dental","robots":{"index":"index","follow":"follow","max-snippet":"max-snippet:-1","max-image-preview":"max-image-preview:large","max-video-preview":"max-video-preview:-1"},"canonical":"https:\/\/eastmeetswestdental.org\/vi\/about-us\/our-partners\/","og_locale":"vi_VN","og_type":"article","og_title":"Our Partners - East Meets West Dental","og_url":"https:\/\/eastmeetswestdental.org\/vi\/about-us\/our-partners\/","og_site_name":"East Meets West Dental","article_modified_time":"2025-03-18T06:36:07+00:00","twitter_card":"summary_large_image","twitter_misc":{"\u01af\u1edbc t\u00ednh th\u1eddi gian \u0111\u1ecdc":"1 ph\u00fat"},"schema":{"@context":"https:\/\/schema.org","@graph":[{"@type":"WebPage","@id":"https:\/\/eastmeetswestdental.org\/about-us\/our-partners\/","url":"https:\/\/eastmeetswestdental.org\/about-us\/our-partners\/","name":"Our Partners - East Meets West Dental","isPartOf":{"@id":"https:\/\/eastmeetswestdental.org\/#website"},"datePublished":"2019-04-23T02:38:57+00:00","dateModified":"2025-03-18T06:36:07+00:00","breadcrumb":{"@id":"https:\/\/eastmeetswestdental.org\/about-us\/our-partners\/#breadcrumb"},"inLanguage":"vi","potentialAction":[{"@type":"ReadAction","target":["https:\/\/eastmeetswestdental.org\/about-us\/our-partners\/"]}]},{"@type":"BreadcrumbList","@id":"https:\/\/eastmeetswestdental.org\/about-us\/our-partners\/#breadcrumb","itemListElement":[{"@type":"ListItem","position":1,"name":"Home","item":"https:\/\/eastmeetswestdental.org\/"},{"@type":"ListItem","position":2,"name":"About us","item":"https:\/\/eastmeetswestdental.org\/about-us\/"},{"@type":"ListItem","position":3,"name":"Our Partners"}]},{"@type":"WebSite","@id":"https:\/\/eastmeetswestdental.org\/#website","url":"https:\/\/eastmeetswestdental.org\/","name":"Nha khoa \u0110\u00f4ng T\u00e2y T\u00e2y","description":"N\u1ee5 c\u01b0\u1eddi kh\u1ecfe m\u1ea1nh c\u1ee7a b\u1ea1n <br \/> l\u00e0 h\u1ea1nh ph\u00fac c\u1ee7a ch\u00fang t\u00f4i!","potentialAction":[{"@type":"SearchAction","target":{"@type":"EntryPoint","urlTemplate":"https:\/\/eastmeetswestdental.org\/?s={search_term_string}"},"query-input":{"@type":"PropertyValueSpecification","valueRequired":true,"valueName":"search_term_string"}}],"inLanguage":"vi"}]}},"_links":{"self":[{"href":"https:\/\/eastmeetswestdental.org\/vi\/wp-json\/wp\/v2\/pages\/28","targetHints":{"allow":["GET"]}}],"collection":[{"href":"https:\/\/eastmeetswestdental.org\/vi\/wp-json\/wp\/v2\/pages"}],"about":[{"href":"https:\/\/eastmeetswestdental.org\/vi\/wp-json\/wp\/v2\/types\/page"}],"author":[{"embeddable":true,"href":"https:\/\/eastmeetswestdental.org\/vi\/wp-json\/wp\/v2\/users\/1"}],"replies":[{"embeddable":true,"href":"https:\/\/eastmeetswestdental.org\/vi\/wp-json\/wp\/v2\/comments?post=28"}],"version-history":[{"count":0,"href":"https:\/\/eastmeetswestdental.org\/vi\/wp-json\/wp\/v2\/pages\/28\/revisions"}],"up":[{"embeddable":true,"href":"https:\/\/eastmeetswestdental.org\/vi\/wp-json\/wp\/v2\/pages\/104"}],"wp:attachment":[{"href":"https:\/\/eastmeetswestdental.org\/vi\/wp-json\/wp\/v2\/media?parent=28"}],"curies":[{"name":"wp","href":"https:\/\/api.w.org\/{rel}","templated":true}]}}