{"id":129,"date":"2019-06-04T02:13:52","date_gmt":"2019-06-04T02:13:52","guid":{"rendered":"https:\/\/demo.eastmeetswestdental.org\/index.php\/pricing\/"},"modified":"2023-08-30T14:37:37","modified_gmt":"2023-08-30T07:37:37","slug":"price-list","status":"publish","type":"page","link":"https:\/\/eastmeetswestdental.org\/vi\/price-list\/","title":{"rendered":"B\u1ea3ng gi\u00e1"},"content":{"rendered":"<div class=\"wpb-content-wrapper\"><div id=\"tm-row-69e46be074da5\" class=\"vc_row vc_row-outer vc_row-fluid\"><div id=\"tm-column-69e46be075350\" class=\"wpb_column vc_column_container vc_col-sm-12\"><div class=\"vc_column-inner\"><div class=\"wpb_wrapper\"><div class=\"tm-spacer\" id=\"tm-spacer-69e46be075516\"><\/div>\n\n<div class=\"tm-heading  center tm-animation move-up\" id=\"tm-heading-69e46be0756f7\">\n\t<h3 class=\"heading\" >PRICING AND PLAN<\/h3><\/div>\n\n<div class=\"tm-spacer\" id=\"tm-spacer-69e46be075991\"><\/div>\n\n<div class=\"tm-heading  center tm-animation move-up\" id=\"tm-heading-69e46be075adb\">\n\t<h3 class=\"heading\" >Check Out Pricing Plans<\/h3><\/div>\n\n<div class=\"tm-spacer\" id=\"tm-spacer-69e46be075d4c\"><\/div>\n\n\t<div class=\"wpb_text_column wpb_content_element\" >\n\t\t<div class=\"wpb_wrapper\">\n\t\t\t<p>Updating&#8230;<\/p>\n\n\t\t<\/div>\n\t<\/div>\n<div class=\"tm-spacer\" id=\"tm-spacer-69e46be075eba\"><\/div>\n<\/div><\/div><\/div><\/div>\n<\/div>","protected":false},"excerpt":{"rendered":"PRICING AND PLAN Check Out Pricing Plans Updating...","protected":false},"author":1,"featured_media":0,"parent":0,"menu_order":0,"comment_status":"closed","ping_status":"closed","template":"","meta":{"footnotes":""},"class_list":["post-129","page","type-page","status-publish","hentry"],"yoast_head":"<!-- This site is optimized with the Yoast SEO plugin v27.1.1 - https:\/\/yoast.com\/product\/yoast-seo-wordpress\/ -->\n<title>Price List - East Meets West Dental<\/title>\n<meta name=\"robots\" content=\"index, follow, max-snippet:-1, max-image-preview:large, max-video-preview:-1\" \/>\n<link rel=\"canonical\" href=\"https:\/\/eastmeetswestdental.org\/vi\/price-list\/\" \/>\n<meta property=\"og:locale\" content=\"vi_VN\" \/>\n<meta property=\"og:type\" content=\"article\" \/>\n<meta property=\"og:title\" content=\"Price List - East Meets West Dental\" \/>\n<meta property=\"og:url\" content=\"https:\/\/eastmeetswestdental.org\/vi\/price-list\/\" \/>\n<meta property=\"og:site_name\" content=\"East Meets West Dental\" \/>\n<meta property=\"article:modified_time\" content=\"2023-08-30T07:37:37+00:00\" \/>\n<meta name=\"twitter:card\" content=\"summary_large_image\" \/>\n<script type=\"application\/ld+json\" class=\"yoast-schema-graph\">{\"@context\":\"https:\/\/schema.org\",\"@graph\":[{\"@type\":\"WebPage\",\"@id\":\"https:\/\/eastmeetswestdental.org\/price-list\/\",\"url\":\"https:\/\/eastmeetswestdental.org\/price-list\/\",\"name\":\"Price List - East Meets West Dental\",\"isPartOf\":{\"@id\":\"https:\/\/eastmeetswestdental.org\/#website\"},\"datePublished\":\"2019-06-04T02:13:52+00:00\",\"dateModified\":\"2023-08-30T07:37:37+00:00\",\"breadcrumb\":{\"@id\":\"https:\/\/eastmeetswestdental.org\/price-list\/#breadcrumb\"},\"inLanguage\":\"vi\",\"potentialAction\":[{\"@type\":\"ReadAction\",\"target\":[\"https:\/\/eastmeetswestdental.org\/price-list\/\"]}]},{\"@type\":\"BreadcrumbList\",\"@id\":\"https:\/\/eastmeetswestdental.org\/price-list\/#breadcrumb\",\"itemListElement\":[{\"@type\":\"ListItem\",\"position\":1,\"name\":\"Home\",\"item\":\"https:\/\/eastmeetswestdental.org\/\"},{\"@type\":\"ListItem\",\"position\":2,\"name\":\"Price List\"}]},{\"@type\":\"WebSite\",\"@id\":\"https:\/\/eastmeetswestdental.org\/#website\",\"url\":\"https:\/\/eastmeetswestdental.org\/\",\"name\":\"East Meets West Dental\",\"description\":\"Your healthy smile is our happiness!\",\"potentialAction\":[{\"@type\":\"SearchAction\",\"target\":{\"@type\":\"EntryPoint\",\"urlTemplate\":\"https:\/\/eastmeetswestdental.org\/?s={search_term_string}\"},\"query-input\":{\"@type\":\"PropertyValueSpecification\",\"valueRequired\":true,\"valueName\":\"search_term_string\"}}],\"inLanguage\":\"vi\"}]}<\/script>\n<!-- \/ Yoast SEO plugin. -->","yoast_head_json":{"title":"Price List - East Meets West Dental","robots":{"index":"index","follow":"follow","max-snippet":"max-snippet:-1","max-image-preview":"max-image-preview:large","max-video-preview":"max-video-preview:-1"},"canonical":"https:\/\/eastmeetswestdental.org\/vi\/price-list\/","og_locale":"vi_VN","og_type":"article","og_title":"Price List - East Meets West Dental","og_url":"https:\/\/eastmeetswestdental.org\/vi\/price-list\/","og_site_name":"East Meets West Dental","article_modified_time":"2023-08-30T07:37:37+00:00","twitter_card":"summary_large_image","schema":{"@context":"https:\/\/schema.org","@graph":[{"@type":"WebPage","@id":"https:\/\/eastmeetswestdental.org\/price-list\/","url":"https:\/\/eastmeetswestdental.org\/price-list\/","name":"Price List - East Meets West Dental","isPartOf":{"@id":"https:\/\/eastmeetswestdental.org\/#website"},"datePublished":"2019-06-04T02:13:52+00:00","dateModified":"2023-08-30T07:37:37+00:00","breadcrumb":{"@id":"https:\/\/eastmeetswestdental.org\/price-list\/#breadcrumb"},"inLanguage":"vi","potentialAction":[{"@type":"ReadAction","target":["https:\/\/eastmeetswestdental.org\/price-list\/"]}]},{"@type":"BreadcrumbList","@id":"https:\/\/eastmeetswestdental.org\/price-list\/#breadcrumb","itemListElement":[{"@type":"ListItem","position":1,"name":"Home","item":"https:\/\/eastmeetswestdental.org\/"},{"@type":"ListItem","position":2,"name":"Price List"}]},{"@type":"WebSite","@id":"https:\/\/eastmeetswestdental.org\/#website","url":"https:\/\/eastmeetswestdental.org\/","name":"Nha khoa \u0110\u00f4ng T\u00e2y T\u00e2y","description":"N\u1ee5 c\u01b0\u1eddi kh\u1ecfe m\u1ea1nh c\u1ee7a b\u1ea1n <br \/> l\u00e0 h\u1ea1nh ph\u00fac c\u1ee7a ch\u00fang t\u00f4i!","potentialAction":[{"@type":"SearchAction","target":{"@type":"EntryPoint","urlTemplate":"https:\/\/eastmeetswestdental.org\/?s={search_term_string}"},"query-input":{"@type":"PropertyValueSpecification","valueRequired":true,"valueName":"search_term_string"}}],"inLanguage":"vi"}]}},"_links":{"self":[{"href":"https:\/\/eastmeetswestdental.org\/vi\/wp-json\/wp\/v2\/pages\/129","targetHints":{"allow":["GET"]}}],"collection":[{"href":"https:\/\/eastmeetswestdental.org\/vi\/wp-json\/wp\/v2\/pages"}],"about":[{"href":"https:\/\/eastmeetswestdental.org\/vi\/wp-json\/wp\/v2\/types\/page"}],"author":[{"embeddable":true,"href":"https:\/\/eastmeetswestdental.org\/vi\/wp-json\/wp\/v2\/users\/1"}],"replies":[{"embeddable":true,"href":"https:\/\/eastmeetswestdental.org\/vi\/wp-json\/wp\/v2\/comments?post=129"}],"version-history":[{"count":0,"href":"https:\/\/eastmeetswestdental.org\/vi\/wp-json\/wp\/v2\/pages\/129\/revisions"}],"wp:attachment":[{"href":"https:\/\/eastmeetswestdental.org\/vi\/wp-json\/wp\/v2\/media?parent=129"}],"curies":[{"name":"wp","href":"https:\/\/api.w.org\/{rel}","templated":true}]}}