{"id":127,"date":"2019-06-04T02:13:24","date_gmt":"2019-06-04T02:13:24","guid":{"rendered":"https:\/\/demo.eastmeetswestdental.org\/index.php\/faqs\/"},"modified":"2023-08-08T08:53:07","modified_gmt":"2023-08-08T01:53:07","slug":"faqs","status":"publish","type":"page","link":"https:\/\/eastmeetswestdental.org\/vi\/faqs\/","title":{"rendered":"FAQs"},"content":{"rendered":"<div class=\"wpb-content-wrapper\"><div id=\"tm-row-69ea634f2051a\" data-vc-full-width=\"true\" data-vc-full-width-init=\"false\" class=\"vc_row vc_row-outer vc_row-fluid\"><div id=\"tm-column-69ea634f20baf\" class=\"wpb_column vc_column_container vc_col-sm-12 vc_col-lg-6\"><div class=\"vc_column-inner\"><div class=\"wpb_wrapper\">\n<div class=\"tm-heading  left tm-animation move-up\" id=\"tm-heading-69ea634f20ea2\">\n\t<h3 class=\"heading\" >Nh\u1eadn c\u00e2u tr\u1ea3 l\u1eddi t\u1ea1i \u0111\u00e2y<\/h3><\/div>\n\n<div class=\"tm-spacer\" id=\"tm-spacer-69ea634f2117d\"><\/div>\n<div class=\"tm-accordion  style-4 color-dark tm-animation move-up\" id=\"tm-accordion-69ea634f2125a\"\n\t>\n\t\n\t\t<div class=\"accordion-section\">\n\t\t\t\t\t\t\t<div class=\"accordion-title-wrapper\">\n\t\t\t\t\t<h6 class=\"accordion-title\">\n\t\t\t\t\t\t<span class=\"title-prefix\">01.<\/span>\n\t\t\t\t\t\t<span class=\"title-text\">T\u00f4i c\u1ea7n bao nhi\u00eau th\u1eddi gian \u0111\u1ec3 l\u00ean l\u1ecbch cho c\u00f4ng vi\u1ec7c nha khoa c\u1ee7a m\u00ecnh?<\/span>\n\n\t\t\t\t\t\t<span class=\"accordion-icon\"><\/span>\n\t\t\t\t\t<\/h6>\n\t\t\t\t<\/div>\n\t\t\t\n\n\t\t\t<div class=\"accordion-content\">\n\t\t\t\t\t\t\t\t\tTh\u1eddi gian \u0111i\u1ec1u tr\u1ecb nha khoa kh\u00e1c nhau. V\u00ed d\u1ee5, l\u00e0m tr\u1eafng r\u0103ng c\u00f3 th\u1ec3 \u0111\u01b0\u1ee3c th\u1ef1c hi\u1ec7n trong m\u1ed9t gi\u1edd. C\u1ea5y gh\u00e9p c\u00f3 th\u1ec3 c\u1ea7n 1 tu\u1ea7n v\u00e0 c\u00e1c th\u1ee7 t\u1ee5c theo d\u00f5i ti\u1ec1m n\u0103ng.\t\t\t\t\t\t\t<\/div>\n\t\t<\/div>\n\t\t\n\t\t<div class=\"accordion-section\">\n\t\t\t\t\t\t\t<div class=\"accordion-title-wrapper\">\n\t\t\t\t\t<h6 class=\"accordion-title\">\n\t\t\t\t\t\t<span class=\"title-prefix\">02.<\/span>\n\t\t\t\t\t\t<span class=\"title-text\">Li\u1ec7u t\u00f4i c\u00f3 th\u1ef1c s\u1ef1 ti\u1ebft ki\u1ec7m \u0111\u01b0\u1ee3c nhi\u1ec1u ti\u1ec1n khi th\u1ef1c hi\u1ec7n c\u00f4ng vi\u1ec7c nha khoa \u1edf New York kh\u00f4ng?<\/span>\n\n\t\t\t\t\t\t<span class=\"accordion-icon\"><\/span>\n\t\t\t\t\t<\/h6>\n\t\t\t\t<\/div>\n\t\t\t\n\n\t\t\t<div class=\"accordion-content\">\n\t\t\t\t\t\t\t\t\tN\u1ebfu b\u1ea1n \u0111\u00e3 \u1edf \u0111\u00e2y th\u00ec c\u00f3, b\u1ea1n s\u1ebd l\u00e0m v\u1eady. Bao nhi\u00eau t\u00f9y thu\u1ed9c v\u00e0o s\u1ed1 l\u01b0\u1ee3ng \u0111i\u1ec1u tr\u1ecb m\u00e0 b\u1ea1n y\u00eau c\u1ea7u.\t\t\t\t\t\t\t<\/div>\n\t\t<\/div>\n\t\t\n\t\t<div class=\"accordion-section\">\n\t\t\t\t\t\t\t<div class=\"accordion-title-wrapper\">\n\t\t\t\t\t<h6 class=\"accordion-title\">\n\t\t\t\t\t\t<span class=\"title-prefix\">03.<\/span>\n\t\t\t\t\t\t<span class=\"title-text\">L\u00e0m th\u1ebf n\u00e0o t\u00f4i c\u00f3 th\u1ec3 ch\u1eafc ch\u1eafn r\u1eb1ng nha s\u0129 v\u00e0 nh\u00e2n vi\u00ean v\u1ec7 sinh c\u1ee7a b\u1ea1n \u0111\u01b0\u1ee3c \u0111\u00e0o t\u1ea1o chuy\u00ean s\u00e2u v\u00e0 c\u00f3 n\u0103ng l\u1ef1c? <\/span>\n\n\t\t\t\t\t\t<span class=\"accordion-icon\"><\/span>\n\t\t\t\t\t<\/h6>\n\t\t\t\t<\/div>\n\t\t\t\n\n\t\t\t<div class=\"accordion-content\">\n\t\t\t\t\t\t\t\t\tCh\u00fang t\u00f4i cam k\u1ebft lu\u00f4n c\u1eadp nh\u1eadt c\u00e1c k\u1ef9 thu\u1eadt v\u00e0 v\u1eadt li\u1ec7u m\u1edbi nh\u1ea5t trong nha khoa. \u0110\u1ed9i ng\u0169 nh\u00e2n vi\u00ean c\u1ee7a ch\u00fang t\u00f4i \u0111\u01b0\u1ee3c \u0111\u00e0o t\u1ea1o chuy\u00ean s\u00e2u v\u1ec1 m\u1ecdi kh\u00eda c\u1ea1nh c\u1ee7a ch\u0103m s\u00f3c nha khoa.\t\t\t\t\t\t\t<\/div>\n\t\t<\/div>\n\t\t\n\t\t<div class=\"accordion-section\">\n\t\t\t\t\t\t\t<div class=\"accordion-title-wrapper\">\n\t\t\t\t\t<h6 class=\"accordion-title\">\n\t\t\t\t\t\t<span class=\"title-prefix\">04.<\/span>\n\t\t\t\t\t\t<span class=\"title-text\">T\u00f4i c\u00f3 th\u1ec3 c\u1ea3m th\u1ea5y tin t\u01b0\u1edfng v\u1ec1 d\u1ecbch v\u1ee5 v\u1ec7 sinh c\u1ee7a b\u1ea1n kh\u00f4ng?<\/span>\n\n\t\t\t\t\t\t<span class=\"accordion-icon\"><\/span>\n\t\t\t\t\t<\/h6>\n\t\t\t\t<\/div>\n\t\t\t\n\n\t\t\t<div class=\"accordion-content\">\n\t\t\t\t\t\t\t\t\tC\u00e1c nh\u00e0 v\u1ec7 sinh nha khoa kh\u00f4ng t\u1ed3n t\u1ea1i \u1edf m\u1ecdi qu\u1ed1c gia nh\u01b0ng l\u00e0 m\u1ed9t ph\u1ea7n c\u1ee7a xu h\u01b0\u1edbng nha khoa \u0111ang ph\u00e1t tri\u1ec3n tr\u00ean to\u00e0n th\u1ebf gi\u1edbi v\u00ec c\u00e1c d\u1ecbch v\u1ee5 chuy\u00ean bi\u1ec7t c\u1ee7a h\u1ecd.\t\t\t\t\t\t\t<\/div>\n\t\t<\/div>\n\t\t\n\t\t<div class=\"accordion-section\">\n\t\t\t\t\t\t\t<div class=\"accordion-title-wrapper\">\n\t\t\t\t\t<h6 class=\"accordion-title\">\n\t\t\t\t\t\t<span class=\"title-prefix\">05.<\/span>\n\t\t\t\t\t\t<span class=\"title-text\">C\u00f2n vi\u1ec7c \u0111\u00e0o t\u1ea1o nha s\u0129 c\u1ee7a b\u1ea1n th\u00ec sao?<\/span>\n\n\t\t\t\t\t\t<span class=\"accordion-icon\"><\/span>\n\t\t\t\t\t<\/h6>\n\t\t\t\t<\/div>\n\t\t\t\n\n\t\t\t<div class=\"accordion-content\">\n\t\t\t\t\t\t\t\t\tC\u00e1c nha s\u0129 c\u1ee7a ch\u00fang t\u00f4i \u0111\u01b0\u1ee3c c\u00f4ng nh\u1eadn v\u1edbi ch\u01b0\u01a1ng tr\u00ecnh n\u1ed9i b\u1ed9 nh\u1eb1m \u0111\u00e1nh gi\u00e1 kh\u1ea3 n\u0103ng giao ti\u1ebfp v\u00e0 n\u0103ng l\u1ef1c trong c\u00e1c l\u0129nh v\u1ef1c kh\u00e1c nhau trong nha khoa.\t\t\t\t\t\t\t<\/div>\n\t\t<\/div>\n\t\t<\/div>\n<div class=\"tm-spacer\" id=\"tm-spacer-69ea634f213c4\"><\/div>\n<\/div><\/div><\/div><div id=\"tm-column-69ea634f215a2\" class=\"wpb_column vc_column_container vc_col-sm-12 vc_col-lg-6\"><div class=\"vc_column-inner\"><div class=\"wpb_wrapper\"><div id=\"tm-row-inner-69ea634f218a6\" class=\"vc_row vc_inner vc_row-fluid\"><div id=\"tm-column-inner-69ea634f21bb2\" class=\"wpb_column vc_column_container vc_col-sm-12\"><div class=\"vc_column-inner\"><div class=\"wpb_wrapper\">\n<div class=\"tm-heading  center tm-animation move-up\" id=\"tm-heading-69ea634f21e09\">\n\t<h3 class=\"heading\" >\u0110\u1eb7t c\u00e2u h\u1ecfi c\u1ee7a b\u1ea1n<\/h3><\/div>\n\n<div class=\"tm-spacer\" id=\"tm-spacer-69ea634f220b4\"><\/div>\n\n<div class=\"tm-heading  center tm-animation move-up\" id=\"tm-heading-69ea634f221fa\">\n\t<div class=\"heading\" >Ch\u00fang t\u00f4i mu\u1ed1n gi\u1eef li\u00ean l\u1ea1c v\u1edbi b\u1ea1n.<\/div><\/div>\n\n<div class=\"tm-spacer\" id=\"tm-spacer-69ea634f22457\"><\/div>\n<div class=\"tm-contact-form-7  style-05 gutter-30 tm-animation move-up\" id=\"tm-blog-69ea634f2265c\">\n\t\n<div class=\"wpcf7 no-js\" id=\"wpcf7-f680-o1\" lang=\"en-US\" dir=\"ltr\" data-wpcf7-id=\"680\">\n<div class=\"screen-reader-response\"><p role=\"status\" aria-live=\"polite\" aria-atomic=\"true\"><\/p> <ul><\/ul><\/div>\n<form action=\"\/vi\/wp-json\/wp\/v2\/pages\/127#wpcf7-f680-o1\" method=\"post\" class=\"wpcf7-form init\" aria-label=\"Contact form\" novalidate=\"novalidate\" data-status=\"init\" data-trp-original-action=\"\/vi\/wp-json\/wp\/v2\/pages\/127#wpcf7-f680-o1\">\n<fieldset class=\"hidden-fields-container\"><input type=\"hidden\" name=\"_wpcf7\" value=\"680\" \/><input type=\"hidden\" name=\"_wpcf7_version\" value=\"6.1.5\" \/><input type=\"hidden\" name=\"_wpcf7_locale\" value=\"en_US\" \/><input type=\"hidden\" name=\"_wpcf7_unit_tag\" value=\"wpcf7-f680-o1\" \/><input type=\"hidden\" name=\"_wpcf7_container_post\" value=\"0\" \/><input type=\"hidden\" name=\"_wpcf7_posted_data_hash\" value=\"\" \/>\n<\/fieldset>\n<div class=\"row\">\n\t<div class=\"col-md-12\">\n\t\t<p><label>Email c\u1ee7a b\u1ea1n<\/label><br \/>\n<span class=\"wpcf7-form-control-wrap\" data-name=\"your-email\"><input size=\"40\" maxlength=\"400\" class=\"wpcf7-form-control wpcf7-email wpcf7-validates-as-required wpcf7-text wpcf7-validates-as-email\" aria-required=\"true\" aria-invalid=\"false\" placeholder=\"yourname@email.com\" value=\"\" type=\"email\" name=\"your-email\" \/><\/span>\n\t\t<\/p>\n\t<\/div>\n\t<div class=\"col-md-12\">\n\t\t<p><label>C\u00e2u h\u1ecfi c\u1ee7a b\u1ea1n <\/label><br \/>\n<span class=\"wpcf7-form-control-wrap\" data-name=\"your-question\"><textarea cols=\"40\" rows=\"10\" maxlength=\"2000\" class=\"wpcf7-form-control wpcf7-textarea\" aria-invalid=\"false\" placeholder=\"Vi\u1ebft c\u00e2u h\u1ecfi c\u1ee7a b\u1ea1n\" name=\"your-question\"><\/textarea><\/span>\n\t\t<\/p>\n\t<\/div>\n\t<div class=\"col-md-12\">\n\t\t<p><input class=\"wpcf7-form-control wpcf7-submit has-spinner\" type=\"submit\" value=\"G\u1eedi th\u00f4ng tin\" \/>\n\t\t<\/p>\n\t<\/div>\n<\/div><div class=\"wpcf7-response-output\" aria-hidden=\"true\"><\/div>\n<input type=\"hidden\" name=\"trp-form-language\" value=\"vi\"\/><\/form>\n<\/div>\n<\/div>\n<\/div><\/div><\/div><\/div><div class=\"tm-spacer\" id=\"tm-spacer-69ea634f28ee7\"><\/div>\n<\/div><\/div><\/div><\/div><div class=\"vc_row-full-width vc_clearfix\"><\/div>\n<\/div>","protected":false},"excerpt":{"rendered":"Get answers here 01. How much time will I need to schedule for my dental work? The timing for dental treatments varies. Tooth whitening, for example, can be done in an hour. Implants may require 1 week and potential follow-up procedures. 02. Will I really save a lot of money with dental work done in New York? If you are already here then yes, you would. How much depends on the amount of treatment that you require. 03. How can I be sure that your dentists and hygiene staff are highly trained and competent? We are committed to keeping up to date with the latest techniques and materials in dentistry. Our staff is highly trained in all aspects of dental care. 04. Can I feel confident about your hygiene services? Dental hygienists do not exist in every country but are part of the growing trend in dentistry around the world because of their specialized services. 05. How about the training of your dentists? Our dentists are accredited with our internal program which assesses communication and competency in various areas in dentistry. Ask your question We\u2019d love to keep in contact with you. Your e-mail Your Question","protected":false},"author":1,"featured_media":0,"parent":0,"menu_order":6,"comment_status":"closed","ping_status":"closed","template":"","meta":{"rs_blank_template":"","rs_page_bg_color":"","slide_template_v7":"","footnotes":""},"class_list":["post-127","page","type-page","status-publish","hentry"],"yoast_head":"<!-- This site is optimized with the Yoast SEO plugin v27.4 - https:\/\/yoast.com\/product\/yoast-seo-wordpress\/ -->\n<title>FAQs - East Meets West Dental<\/title>\n<meta name=\"robots\" content=\"index, follow, max-snippet:-1, max-image-preview:large, max-video-preview:-1\" \/>\n<link rel=\"canonical\" href=\"https:\/\/eastmeetswestdental.org\/vi\/faqs\/\" \/>\n<meta property=\"og:locale\" content=\"vi_VN\" \/>\n<meta property=\"og:type\" content=\"article\" \/>\n<meta property=\"og:title\" content=\"FAQs - East Meets West Dental\" \/>\n<meta property=\"og:url\" content=\"https:\/\/eastmeetswestdental.org\/vi\/faqs\/\" \/>\n<meta property=\"og:site_name\" content=\"East Meets West Dental\" \/>\n<meta property=\"article:modified_time\" content=\"2023-08-08T01:53:07+00:00\" \/>\n<meta name=\"twitter:card\" content=\"summary_large_image\" \/>\n<meta name=\"twitter:label1\" content=\"\u01af\u1edbc t\u00ednh th\u1eddi gian \u0111\u1ecdc\" \/>\n\t<meta name=\"twitter:data1\" content=\"2 ph\u00fat\" \/>\n<script type=\"application\/ld+json\" class=\"yoast-schema-graph\">{\"@context\":\"https:\\\/\\\/schema.org\",\"@graph\":[{\"@type\":\"WebPage\",\"@id\":\"https:\\\/\\\/eastmeetswestdental.org\\\/faqs\\\/\",\"url\":\"https:\\\/\\\/eastmeetswestdental.org\\\/faqs\\\/\",\"name\":\"FAQs - East Meets West Dental\",\"isPartOf\":{\"@id\":\"https:\\\/\\\/eastmeetswestdental.org\\\/#website\"},\"datePublished\":\"2019-06-04T02:13:24+00:00\",\"dateModified\":\"2023-08-08T01:53:07+00:00\",\"breadcrumb\":{\"@id\":\"https:\\\/\\\/eastmeetswestdental.org\\\/faqs\\\/#breadcrumb\"},\"inLanguage\":\"vi\",\"potentialAction\":[{\"@type\":\"ReadAction\",\"target\":[\"https:\\\/\\\/eastmeetswestdental.org\\\/faqs\\\/\"]}]},{\"@type\":\"BreadcrumbList\",\"@id\":\"https:\\\/\\\/eastmeetswestdental.org\\\/faqs\\\/#breadcrumb\",\"itemListElement\":[{\"@type\":\"ListItem\",\"position\":1,\"name\":\"Home\",\"item\":\"https:\\\/\\\/eastmeetswestdental.org\\\/\"},{\"@type\":\"ListItem\",\"position\":2,\"name\":\"FAQs\"}]},{\"@type\":\"WebSite\",\"@id\":\"https:\\\/\\\/eastmeetswestdental.org\\\/#website\",\"url\":\"https:\\\/\\\/eastmeetswestdental.org\\\/\",\"name\":\"East Meets West Dental\",\"description\":\"Your healthy smile is our happiness!\",\"potentialAction\":[{\"@type\":\"SearchAction\",\"target\":{\"@type\":\"EntryPoint\",\"urlTemplate\":\"https:\\\/\\\/eastmeetswestdental.org\\\/?s={search_term_string}\"},\"query-input\":{\"@type\":\"PropertyValueSpecification\",\"valueRequired\":true,\"valueName\":\"search_term_string\"}}],\"inLanguage\":\"vi\"}]}<\/script>\n<!-- \/ Yoast SEO plugin. -->","yoast_head_json":{"title":"FAQs - East Meets West Dental","robots":{"index":"index","follow":"follow","max-snippet":"max-snippet:-1","max-image-preview":"max-image-preview:large","max-video-preview":"max-video-preview:-1"},"canonical":"https:\/\/eastmeetswestdental.org\/vi\/faqs\/","og_locale":"vi_VN","og_type":"article","og_title":"FAQs - East Meets West Dental","og_url":"https:\/\/eastmeetswestdental.org\/vi\/faqs\/","og_site_name":"East Meets West Dental","article_modified_time":"2023-08-08T01:53:07+00:00","twitter_card":"summary_large_image","twitter_misc":{"\u01af\u1edbc t\u00ednh th\u1eddi gian \u0111\u1ecdc":"2 ph\u00fat"},"schema":{"@context":"https:\/\/schema.org","@graph":[{"@type":"WebPage","@id":"https:\/\/eastmeetswestdental.org\/faqs\/","url":"https:\/\/eastmeetswestdental.org\/faqs\/","name":"FAQs - East Meets West Dental","isPartOf":{"@id":"https:\/\/eastmeetswestdental.org\/#website"},"datePublished":"2019-06-04T02:13:24+00:00","dateModified":"2023-08-08T01:53:07+00:00","breadcrumb":{"@id":"https:\/\/eastmeetswestdental.org\/faqs\/#breadcrumb"},"inLanguage":"vi","potentialAction":[{"@type":"ReadAction","target":["https:\/\/eastmeetswestdental.org\/faqs\/"]}]},{"@type":"BreadcrumbList","@id":"https:\/\/eastmeetswestdental.org\/faqs\/#breadcrumb","itemListElement":[{"@type":"ListItem","position":1,"name":"Home","item":"https:\/\/eastmeetswestdental.org\/"},{"@type":"ListItem","position":2,"name":"FAQs"}]},{"@type":"WebSite","@id":"https:\/\/eastmeetswestdental.org\/#website","url":"https:\/\/eastmeetswestdental.org\/","name":"Nha khoa \u0110\u00f4ng T\u00e2y T\u00e2y","description":"N\u1ee5 c\u01b0\u1eddi kh\u1ecfe m\u1ea1nh c\u1ee7a b\u1ea1n <br \/> l\u00e0 h\u1ea1nh ph\u00fac c\u1ee7a ch\u00fang t\u00f4i!","potentialAction":[{"@type":"SearchAction","target":{"@type":"EntryPoint","urlTemplate":"https:\/\/eastmeetswestdental.org\/?s={search_term_string}"},"query-input":{"@type":"PropertyValueSpecification","valueRequired":true,"valueName":"search_term_string"}}],"inLanguage":"vi"}]}},"_links":{"self":[{"href":"https:\/\/eastmeetswestdental.org\/vi\/wp-json\/wp\/v2\/pages\/127","targetHints":{"allow":["GET"]}}],"collection":[{"href":"https:\/\/eastmeetswestdental.org\/vi\/wp-json\/wp\/v2\/pages"}],"about":[{"href":"https:\/\/eastmeetswestdental.org\/vi\/wp-json\/wp\/v2\/types\/page"}],"author":[{"embeddable":true,"href":"https:\/\/eastmeetswestdental.org\/vi\/wp-json\/wp\/v2\/users\/1"}],"replies":[{"embeddable":true,"href":"https:\/\/eastmeetswestdental.org\/vi\/wp-json\/wp\/v2\/comments?post=127"}],"version-history":[{"count":0,"href":"https:\/\/eastmeetswestdental.org\/vi\/wp-json\/wp\/v2\/pages\/127\/revisions"}],"wp:attachment":[{"href":"https:\/\/eastmeetswestdental.org\/vi\/wp-json\/wp\/v2\/media?parent=127"}],"curies":[{"name":"wp","href":"https:\/\/api.w.org\/{rel}","templated":true}]}}