{"id":123,"date":"2019-06-04T02:12:21","date_gmt":"2019-06-03T19:12:21","guid":{"rendered":"https:\/\/demo.eastmeetswestdental.org\/index.php\/book-appointment-1\/"},"modified":"2023-08-08T09:35:11","modified_gmt":"2023-08-08T02:35:11","slug":"make-an-appointment","status":"publish","type":"page","link":"https:\/\/eastmeetswestdental.org\/vi\/make-an-appointment\/","title":{"rendered":"\u0110\u1eb7t l\u1ecbch h\u1eb9n"},"content":{"rendered":"<div class=\"wpb-content-wrapper\"><div id=\"tm-row-69ea359017fa5\" data-vc-full-width=\"true\" data-vc-full-width-init=\"false\" class=\"vc_row vc_row-outer vc_row-fluid\"><div id=\"tm-column-69ea35901850f\" class=\"wpb_column vc_column_container vc_col-sm-12\"><div class=\"vc_column-inner\"><div class=\"wpb_wrapper\">\n\t<div class=\"wpb_text_column wpb_content_element\" >\n\t\t<div class=\"wpb_wrapper\">\n\t\t\t <div id=\"form_id525979217536\" class=\"wpbc_container wpbc_form wpbc_container_booking_form\" ><form id=\"booking_form1\" class=\"booking_form vertical\" method=\"post\" action=\"\" data-trp-original-action=\"\"><div id=\"ajax_respond_insert1\" class=\"ajax_respond_insert\" style=\"display:none;\"><\/div><a name=\"bklnk1\" id=\"bklnk1\"><\/a><div id=\"booking_form_div1\" class=\"booking_form_div\"><style type=\"text\/css\">.wpbc_container_booking_form .block_hints, .wpbc_booking_form_simple.wpbc_form_center .wpbc__form__div .wpbc__row.wpbc_r_calendar, .wpbc_booking_form_simple .wpbc__form__div .wpbc__row:not(.wpbc_r_calendar){max-width:440px;} <\/style>\n<div class=\"wpbc_booking_form_simple wpbc_booking_form_structure wpbc_form_center\">\n<div class=\"wpbc__form__div\">\n\t\t\t<div class=\"wpbc_r_calendar wpbc__row\">\n\t\t\t\t<div class=\"wpbc_r_calendar wpbc__field\"> <label><\/label><br><div class=\"wpbc_calendar_wraper wpbc_change_over_triangle wpbc_calendar_skin_legacy\"><style type=\"text\/css\" rel=\"stylesheet\" >.hasDatepick .datepick-inline .datepick-title-row th,.hasDatepick .datepick-inline .datepick-days-cell,.hasDatepick .datepick-inline .wpbc-cell-box{ max-height: 30px; }<\/style><div class=\"wpbc_cal_container bk_calendar_frame months_num_in_row_2 cal_month_num_2 wpbc_timeslot_day_bg_as_available\" style=\"width:100%;max-width:568px;\"><div id=\"calendar_booking1\"  class=\"wpbc_calendar_id_1\" >\t<div class=\"calendar_loader_frame calendar_loader_frame1\"\r\n\t\tdata-wpbc-rid=\"1\"\r\n\t\tdata-wpbc-grace=\"8000\"\r\n\t\tstyle=\"--wpbc-loader-cols: 2;\"\r\n\t>\r\n\t\t<div class=\"calendar_loader_text\">Loading...<\/div>\r\n\t\t<div class=\"calendar_loader_frame__progress_line_container\">\r\n\t\t\t<div class=\"calendar_loader_frame__progress_line\"><\/div>\r\n\t\t<\/div>\r\n\t<\/div>\r\n\t<\/div><\/div><div style=\"font-size:7px;text-align:left;margin:0 0 10px;text-shadow: none;\">\u0110\u01b0\u1ee3c cung c\u1ea5p b\u1edfi <a href=\"https:\/\/wpbookingcalendar.com\" style=\"font-size:7px;\" target=\"_blank\" title=\"Plugin L\u1ecbch \u0111\u1eb7t ch\u1ed7 cho WordPress\">L\u1ecbch \u0111\u1eb7t ph\u00f2ng<\/a><\/div><textarea id=\"date_booking1\" name=\"date_booking1\" autocomplete=\"off\" style=\"display:none;\"><\/textarea><\/div> <\/div>\n\t\t\t<\/div>\n\t\t\t<div class=\"wpbc__row\">\n\t\t\t\t<div class=\"wpbc_r_appointmenttime wpbc__field\"> <label>Th\u1eddi gian h\u1eb9n<\/label><br><span class=\"wpbc_wrap_select wpdev-form-control-wrap appointmenttime1\"><select onchange=\"javascript:if(typeof( wpbc_show_cost_hints_after_few_seconds )=='function'){wpbc_show_cost_hints_after_few_seconds(1);}\" name=\"appointmenttime1\" autocomplete=\"appointmenttime\"><option value=\"--\">--<\/option><option value=\"08:00 AM\">08:00 s\u00e1ng<\/option><option value=\"08:30 AM\">08:30 s\u00e1ng<\/option><option value=\"09:00 AM\">09:00 s\u00e1ng<\/option><option value=\"09:30 AM\">09:30 s\u00e1ng<\/option><option value=\"10:00 AM\">10:00<\/option><option value=\"10:30 AM\">10:30 s\u00e1ng<\/option><option value=\"11:00 AM\">11:00 S\u00c1NG<\/option><option value=\"11:30 AM\">11:30<\/option><option value=\"01:00 PM\">01:00 chi\u1ec1u<\/option><option value=\"01:30 PM\">01:30 chi\u1ec1u<\/option><option value=\"02:00 PM\">02:00 chi\u1ec1u<\/option><option value=\"02:30 PM\">02:30 chi\u1ec1u<\/option><option value=\"03:00 PM\">03:00 chi\u1ec1u<\/option><option value=\"03:30 PM\">03:30 chi\u1ec1u<\/option><option value=\"04:00 PM\">04:00 chi\u1ec1u<\/option><option value=\"04:30 PM\">04:30 chi\u1ec1u<\/option><option value=\"05:00 PM\">05:00 chi\u1ec1u<\/option><option value=\"05:30 PM\">05:30 chi\u1ec1u<\/option><option value=\"06:00 PM\">06:00 chi\u1ec1u<\/option><\/select><\/span> <\/div>\n\t\t\t<\/div>\n\t\t\t<div class=\"wpbc__row\">\n\t\t\t\t<div class=\"wpbc_r_name wpbc__field\"> <label>Full Name*<\/label><br><span class=\"wpbc_wrap_text wpdev-form-control-wrap name1\"><input type=\"text\" name=\"name1\" value=\"\" autocomplete=\"name\" class=\"wpdev-validates-as-required\" size=\"40\" \/><\/span> <\/div>\n\t\t\t<\/div>\n\t\t\t<div class=\"wpbc__row\">\n\t\t\t\t<div class=\"wpbc_r_gender wpbc__field\"> <label>Gender*<\/label><br><span class=\"wpbc_wrap_select wpdev-form-control-wrap gender1\"><select onchange=\"javascript:if(typeof( wpbc_show_cost_hints_after_few_seconds )=='function'){wpbc_show_cost_hints_after_few_seconds(1);}\" name=\"gender1\" autocomplete=\"gender\" class=\"wpdev-validates-as-required\"><option value=\"Male\">Nam gi\u1edbi<\/option><option value=\"Female\">N\u1eef gi\u1edbi<\/option><\/select><\/span> <\/div>\n\t\t\t<\/div>\n\t\t\t<div class=\"wpbc__row\">\n\t\t\t\t<div class=\"wpbc_r_address wpbc__field\"> <label>Address*<\/label><br><span class=\"wpbc_wrap_text wpdev-form-control-wrap address1\"><input type=\"text\" name=\"address1\" value=\"\" autocomplete=\"address\" class=\"wpdev-validates-as-required\" size=\"40\" \/><\/span> <\/div>\n\t\t\t<\/div>\n\t\t\t<div class=\"wpbc__row\">\n\t\t\t\t<div class=\"wpbc_r_email wpbc__field\"> <label>Email*<\/label><br><span class=\"wpbc_wrap_text wpdev-form-control-wrap email1\"><input type=\"email\" name=\"email1\" value=\"\" autocomplete=\"email\" class=\"wpdev-validates-as-email wpdev-validates-as-required\" size=\"40\" \/><\/span> <\/div>\n\t\t\t<\/div>\n\t\t\t<div class=\"wpbc__row\">\n\t\t\t\t<div class=\"wpbc_r_phone wpbc__field\"> <label>Phone*<\/label><br><span class=\"wpbc_wrap_text wpdev-form-control-wrap phone1\"><input type=\"text\" name=\"phone1\" value=\"\" autocomplete=\"phone\" class=\"wpdev-validates-as-required\" size=\"40\" \/><\/span> <\/div>\n\t\t\t<\/div>\n\t\t\t<div class=\"wpbc__row\">\n\t\t\t\t<div class=\"wpbc_r_yourlocationnow wpbc__field\"> <label>V\u1ecb tr\u00ed c\u1ee7a b\u1ea1n b\u00e2y gi\u1edd<\/label><br><span class=\"wpbc_wrap_text wpdev-form-control-wrap yourlocationnow1\"><input type=\"text\" name=\"yourlocationnow1\" value=\"\" autocomplete=\"yourlocationnow\" size=\"40\" \/><\/span> <\/div>\n\t\t\t<\/div>\n\t\t\t<div class=\"wpbc__row\">\n\t\t\t\t<div class=\"wpbc_r_chiefcomplaintordentalcareneeds wpbc__field\"> <label>Khi\u1ebfu n\u1ea1i ch\u00ednh ho\u1eb7c nhu c\u1ea7u ch\u0103m s\u00f3c nha khoa<\/label><br><span class=\"wpbc_wrap_text wpdev-form-control-wrap chiefcomplaintordentalcareneeds1\"><input type=\"text\" name=\"chiefcomplaintordentalcareneeds1\" value=\"\" autocomplete=\"chiefcomplaintordentalcareneeds\" size=\"40\" \/><\/span> <\/div>\n\t\t\t<\/div>\n\t\t\t<div class=\"wpbc__row\">\n\t\t\t\t<div class=\"wpbc_r_thisbookingfor wpbc__field\"> <label>Vi\u1ec7c \u0111\u1eb7t ch\u1ed7 n\u00e0y d\u00e0nh cho<\/label><br><span class=\"wpbc_wrap_select wpdev-form-control-wrap thisbookingfor1\"><select onchange=\"javascript:if(typeof( wpbc_show_cost_hints_after_few_seconds )=='function'){wpbc_show_cost_hints_after_few_seconds(1);}\" name=\"thisbookingfor1\" autocomplete=\"thisbookingfor\"><option value=\"Myself\">Ri\u00eang t\u00f4i<\/option><option value=\"My family members\">Th\u00e0nh vi\u00ean c\u1ee7a gia \u0111\u00ecnh t\u00f4i<\/option><option value=\"My staff\">Nh\u00e2n vi\u00ean c\u1ee7a t\u00f4i<\/option><option value=\"My friend\">B\u1ea1n t\u00f4i<\/option><option value=\"My colleage\">tr\u01b0\u1eddng \u0111\u1ea1i h\u1ecdc c\u1ee7a t\u00f4i<\/option><\/select><\/span> <\/div>\n\t\t\t<\/div>\n\t\t\t<div class=\"wpbc__row\">\n\t\t\t\t<div class=\"wpbc_r_areyouemwdentalsexistingclient wpbc__field\"> <label>B\u1ea1n c\u00f3 ph\u1ea3i l\u00e0 kh\u00e1ch h\u00e0ng hi\u1ec7n t\u1ea1i c\u1ee7a EMW Dental kh\u00f4ng?<\/label><br><span class=\"wpbc_wrap_select wpdev-form-control-wrap areyouemwdentalsexistingclient1\"><select onchange=\"javascript:if(typeof( wpbc_show_cost_hints_after_few_seconds )=='function'){wpbc_show_cost_hints_after_few_seconds(1);}\" name=\"areyouemwdentalsexistingclient1\" autocomplete=\"areyouemwdentalsexistingclient\"><option value=\"Yes\">\u0110\u00fang<\/option><option value=\"No\">KH\u00d4NG<\/option><\/select><\/span> <\/div>\n\t\t\t<\/div>\n\t\t\t<div class=\"wpbc__row\">\n\t\t\t\t<div class=\"wpbc_r_yourotherconcerns wpbc__field\"> <label>Nh\u1eefng m\u1ed1i quan t\u00e2m kh\u00e1c c\u1ee7a b\u1ea1n<\/label><br><span class=\"wpbc_wrap_textarea wpdev-form-control-wrap yourotherconcerns1\"><textarea name=\"yourotherconcerns1\" autocomplete=\"yourotherconcerns\"><\/textarea><\/span> <\/div>\n\t\t\t<\/div>\n\t\t\t<div class=\"wpbc__row\">\n\t\t\t\t<div class=\"wpbc_r_captcha wpbc__field\"> <label><\/label><br><span class=\"wpbc_text_captcha_container wpdev-form-control-wrap\"><input  autocomplete=\"off\" type=\"hidden\" name=\"wpdev_captcha_challenge_1\"  id=\"wpdev_captcha_challenge_1\" value=\"3078345464\" \/><input  autocomplete=\"off\" type=\"text\" class=\"captachinput\" value=\"\" name=\"captcha_input1\" id=\"captcha_input1\" \/><img decoding=\"async\" class=\"captcha_img\"  id=\"captcha_img1\" alt=\"To show CAPTCHA, please deactivate cache plugin or exclude this page from caching or disable CAPTCHA at WP Booking Calendar - Settings General page in Form Options section.\" src=\"https:\/\/eastmeetswestdental.org\/wp-content\/plugins\/booking\/js\/captcha\/tmp\/3078345464.png\" \/><\/span> <\/div>\n\t\t\t<\/div>\n\t\t\t<div class=\"wpbc__row\">\n\t\t\t\t<div class=\"wpbc_r_submit wpbc__field\"><input type=\"button\" value=\"G\u1eedi\" class=\"wpbc_button_light  btn btn\" onclick=\"wpbc_booking_form_submit(this.form,1, 'vi');\" \/> <\/div>\n\t\t\t<\/div>\n<\/div>\n<\/div><input id=\"bk_type1\" name=\"bk_type1\" class=\"\" type=\"hidden\" value=\"1\" \/><\/div><div id=\"submiting1\"><\/div><div class=\"form_bk_messages\" id=\"form_bk_messages1\" ><\/div><input type=\"hidden\" id=\"wpbc_nonceCALCULATE_THE_COST1\" name=\"wpbc_nonceCALCULATE_THE_COST1\" value=\"b13c1040a7\" \/><input type=\"hidden\" name=\"_wp_http_referer\" value=\"\/vi\/wp-json\/wp\/v2\/pages\/123\" \/><input type=\"hidden\" name=\"trp-form-language\" value=\"vi\"\/><\/form><\/div><div id=\"booking_form_garbage1\" class=\"booking_form_garbage\"><\/div> \n\n\t\t<\/div>\n\t<\/div>\n<div class=\"tm-spacer\" id=\"tm-spacer-69ea35901eeb3\"><\/div>\n<\/div><\/div><\/div><\/div><div class=\"vc_row-full-width vc_clearfix\"><\/div>\n<\/div>","protected":false},"excerpt":{"rendered":"Loading... Powered by Booking Calendar Appointment Time--08:00 AM08:30 AM09:00 AM09:30 AM10:00 AM10:30 AM11:00 AM11:30 AM01:00 PM01:30 PM02:00 PM02:30 PM03:00 PM03:30 PM04:00 PM04:30 PM05:00 PM05:30 PM06:00 PM Full Name* Gender*MaleFemale Address* Email* Phone* Your location now Chief complaint or dental care needs This booking forMyselfMy family membersMy staffMy friendMy colleage Are you EMW Dental's existing client?YesNo Your other concerns","protected":false},"author":1,"featured_media":0,"parent":0,"menu_order":9,"comment_status":"closed","ping_status":"closed","template":"","meta":{"rs_blank_template":"","rs_page_bg_color":"","slide_template_v7":"","footnotes":""},"class_list":["post-123","page","type-page","status-publish","hentry"],"yoast_head":"<!-- This site is optimized with the Yoast SEO plugin v27.4 - https:\/\/yoast.com\/product\/yoast-seo-wordpress\/ -->\n<title>Make an Appointment - East Meets West Dental<\/title>\n<meta name=\"robots\" content=\"index, follow, max-snippet:-1, max-image-preview:large, max-video-preview:-1\" \/>\n<link rel=\"canonical\" href=\"https:\/\/eastmeetswestdental.org\/vi\/make-an-appointment\/\" \/>\n<meta property=\"og:locale\" content=\"vi_VN\" \/>\n<meta property=\"og:type\" content=\"article\" \/>\n<meta property=\"og:title\" content=\"Make an Appointment - East Meets West Dental\" \/>\n<meta property=\"og:url\" content=\"https:\/\/eastmeetswestdental.org\/vi\/make-an-appointment\/\" \/>\n<meta property=\"og:site_name\" content=\"East Meets West Dental\" \/>\n<meta property=\"article:modified_time\" content=\"2023-08-08T02:35:11+00:00\" \/>\n<meta name=\"twitter:card\" content=\"summary_large_image\" \/>\n<script type=\"application\/ld+json\" class=\"yoast-schema-graph\">{\"@context\":\"https:\\\/\\\/schema.org\",\"@graph\":[{\"@type\":\"WebPage\",\"@id\":\"https:\\\/\\\/eastmeetswestdental.org\\\/make-an-appointment\\\/\",\"url\":\"https:\\\/\\\/eastmeetswestdental.org\\\/make-an-appointment\\\/\",\"name\":\"Make an Appointment - East Meets West Dental\",\"isPartOf\":{\"@id\":\"https:\\\/\\\/eastmeetswestdental.org\\\/#website\"},\"datePublished\":\"2019-06-03T19:12:21+00:00\",\"dateModified\":\"2023-08-08T02:35:11+00:00\",\"breadcrumb\":{\"@id\":\"https:\\\/\\\/eastmeetswestdental.org\\\/make-an-appointment\\\/#breadcrumb\"},\"inLanguage\":\"vi\",\"potentialAction\":[{\"@type\":\"ReadAction\",\"target\":[\"https:\\\/\\\/eastmeetswestdental.org\\\/make-an-appointment\\\/\"]}]},{\"@type\":\"BreadcrumbList\",\"@id\":\"https:\\\/\\\/eastmeetswestdental.org\\\/make-an-appointment\\\/#breadcrumb\",\"itemListElement\":[{\"@type\":\"ListItem\",\"position\":1,\"name\":\"Home\",\"item\":\"https:\\\/\\\/eastmeetswestdental.org\\\/\"},{\"@type\":\"ListItem\",\"position\":2,\"name\":\"Make an Appointment\"}]},{\"@type\":\"WebSite\",\"@id\":\"https:\\\/\\\/eastmeetswestdental.org\\\/#website\",\"url\":\"https:\\\/\\\/eastmeetswestdental.org\\\/\",\"name\":\"East Meets West Dental\",\"description\":\"Your healthy smile is our happiness!\",\"potentialAction\":[{\"@type\":\"SearchAction\",\"target\":{\"@type\":\"EntryPoint\",\"urlTemplate\":\"https:\\\/\\\/eastmeetswestdental.org\\\/?s={search_term_string}\"},\"query-input\":{\"@type\":\"PropertyValueSpecification\",\"valueRequired\":true,\"valueName\":\"search_term_string\"}}],\"inLanguage\":\"vi\"}]}<\/script>\n<!-- \/ Yoast SEO plugin. -->","yoast_head_json":{"title":"Make an Appointment - East Meets West Dental","robots":{"index":"index","follow":"follow","max-snippet":"max-snippet:-1","max-image-preview":"max-image-preview:large","max-video-preview":"max-video-preview:-1"},"canonical":"https:\/\/eastmeetswestdental.org\/vi\/make-an-appointment\/","og_locale":"vi_VN","og_type":"article","og_title":"Make an Appointment - East Meets West Dental","og_url":"https:\/\/eastmeetswestdental.org\/vi\/make-an-appointment\/","og_site_name":"East Meets West Dental","article_modified_time":"2023-08-08T02:35:11+00:00","twitter_card":"summary_large_image","schema":{"@context":"https:\/\/schema.org","@graph":[{"@type":"WebPage","@id":"https:\/\/eastmeetswestdental.org\/make-an-appointment\/","url":"https:\/\/eastmeetswestdental.org\/make-an-appointment\/","name":"Make an Appointment - East Meets West Dental","isPartOf":{"@id":"https:\/\/eastmeetswestdental.org\/#website"},"datePublished":"2019-06-03T19:12:21+00:00","dateModified":"2023-08-08T02:35:11+00:00","breadcrumb":{"@id":"https:\/\/eastmeetswestdental.org\/make-an-appointment\/#breadcrumb"},"inLanguage":"vi","potentialAction":[{"@type":"ReadAction","target":["https:\/\/eastmeetswestdental.org\/make-an-appointment\/"]}]},{"@type":"BreadcrumbList","@id":"https:\/\/eastmeetswestdental.org\/make-an-appointment\/#breadcrumb","itemListElement":[{"@type":"ListItem","position":1,"name":"Home","item":"https:\/\/eastmeetswestdental.org\/"},{"@type":"ListItem","position":2,"name":"Make an Appointment"}]},{"@type":"WebSite","@id":"https:\/\/eastmeetswestdental.org\/#website","url":"https:\/\/eastmeetswestdental.org\/","name":"Nha khoa \u0110\u00f4ng T\u00e2y T\u00e2y","description":"N\u1ee5 c\u01b0\u1eddi kh\u1ecfe m\u1ea1nh c\u1ee7a b\u1ea1n <br \/> l\u00e0 h\u1ea1nh ph\u00fac c\u1ee7a ch\u00fang t\u00f4i!","potentialAction":[{"@type":"SearchAction","target":{"@type":"EntryPoint","urlTemplate":"https:\/\/eastmeetswestdental.org\/?s={search_term_string}"},"query-input":{"@type":"PropertyValueSpecification","valueRequired":true,"valueName":"search_term_string"}}],"inLanguage":"vi"}]}},"_links":{"self":[{"href":"https:\/\/eastmeetswestdental.org\/vi\/wp-json\/wp\/v2\/pages\/123","targetHints":{"allow":["GET"]}}],"collection":[{"href":"https:\/\/eastmeetswestdental.org\/vi\/wp-json\/wp\/v2\/pages"}],"about":[{"href":"https:\/\/eastmeetswestdental.org\/vi\/wp-json\/wp\/v2\/types\/page"}],"author":[{"embeddable":true,"href":"https:\/\/eastmeetswestdental.org\/vi\/wp-json\/wp\/v2\/users\/1"}],"replies":[{"embeddable":true,"href":"https:\/\/eastmeetswestdental.org\/vi\/wp-json\/wp\/v2\/comments?post=123"}],"version-history":[{"count":0,"href":"https:\/\/eastmeetswestdental.org\/vi\/wp-json\/wp\/v2\/pages\/123\/revisions"}],"wp:attachment":[{"href":"https:\/\/eastmeetswestdental.org\/vi\/wp-json\/wp\/v2\/media?parent=123"}],"curies":[{"name":"wp","href":"https:\/\/api.w.org\/{rel}","templated":true}]}}