{"id":104,"date":"2019-05-31T07:07:39","date_gmt":"2019-05-31T07:07:39","guid":{"rendered":"https:\/\/demo.eastmeetswestdental.org\/index.php\/about-us-2\/"},"modified":"2023-08-09T08:49:15","modified_gmt":"2023-08-09T01:49:15","slug":"about-us","status":"publish","type":"page","link":"https:\/\/eastmeetswestdental.org\/vi\/about-us\/","title":{"rendered":"Gi\u1edbi thi\u1ec7u"},"content":{"rendered":"<div class=\"wpb-content-wrapper\"><div id=\"tm-row-69ef7651bc8a9\" data-vc-full-width=\"true\" data-vc-full-width-init=\"false\" class=\"vc_row vc_row-outer vc_row-fluid vc_row-o-content-middle vc_row-flex\"><div id=\"tm-column-69ef7651bfe81\" class=\"wpb_column vc_column_container vc_col-sm-12 vc_col-lg-6\"><div class=\"vc_column-inner\"><div class=\"wpb_wrapper\">\n<div class=\"tm-heading  left tm-animation move-up\" id=\"tm-heading-69ef7651c030b\">\n\t<h3 class=\"heading\" >Ch\u00e0o m\u1eebng \u0111\u1ebfn v\u1edbi Nha khoa EMW<\/h3><\/div>\n\n<div class=\"tm-spacer\" id=\"tm-spacer-69ef7651c06eb\"><\/div>\n\n\t<div class=\"wpb_text_column wpb_content_element\" >\n\t\t<div class=\"wpb_wrapper\">\n\t\t\t<p>N\u0103m 1996, nh\u00f3m Ch\u01b0\u01a1ng tr\u00ecnh Nha khoa \u0110\u00f4ng T\u00e2y H\u1ed9i Ng\u1ed9 g\u1ed3m ba nh\u00e2n vi\u00ean, m\u1ed9t nha s\u0129, m\u1ed9t y t\u00e1 v\u00e0 m\u1ed9t ng\u01b0\u1eddi ki\u1ec3m so\u00e1t nhi\u1ec5m tr\u00f9ng v\u00e0 m\u1ed9t gh\u1ebf nha khoa, \u0111\u1eb7t t\u1ea1i L\u00e0ng H\u00f2a B\u00ecnh, th\u00e0nh ph\u1ed1 \u0110\u00e0 N\u1eb5ng. Trong nh\u1eefng n\u0103m qua, khi ch\u01b0\u01a1ng tr\u00ecnh \u0111\u01b0\u1ee3c m\u1edf r\u1ed9ng, n\u00f3 \u0111\u00e3 thay \u0111\u1ed5i \u0111\u1ecba \u0111i\u1ec3m v\u00e0 b\u1ed5 sung th\u00eam nhi\u1ec1u nha s\u0129, y t\u00e1 nha khoa v\u00e0 gh\u1ebf nha khoa.<\/p>\n<p>B\u01b0\u1edbc ngo\u1eb7t l\u1edbn nh\u1ea5t x\u1ea3y ra v\u00e0o n\u0103m 2012, khi Ch\u01b0\u01a1ng tr\u00ecnh Nha khoa m\u1edf Trung t\u00e2m Nha khoa EMW t\u1ea1i \u0111\u1ecba \u0111i\u1ec3m hi\u1ec7n t\u1ea1i v\u00e0 b\u1eaft \u0111\u1ea7u cung c\u1ea5p d\u1ecbch v\u1ee5 cho nh\u1eefng kh\u00e1ch h\u00e0ng tr\u1ea3 ti\u1ec1n. Nh\u00f3m hi\u1ec7n bao g\u1ed3m 15 nh\u00e2n vi\u00ean to\u00e0n th\u1eddi gian: 4 nha s\u0129, 6 y t\u00e1 nha khoa\/ki\u1ec3m so\u00e1t nhi\u1ec5m tr\u00f9ng v\u00e0 5 nh\u00e2n vi\u00ean h\u1ed7 tr\u1ee3 h\u00e0nh ch\u00ednh v\u00e0 k\u1ebf to\u00e1n. \u0110\u1ed9i ng\u0169 nha khoa EMW ti\u1ebfp t\u1ee5c nh\u1eadn \u0111\u01b0\u1ee3c s\u1ef1 h\u1ed7 tr\u1ee3 k\u1ef9 thu\u1eadt li\u00ean t\u1ee5c t\u1eeb h\u01a1n 20 chuy\u00ean gia nha khoa h\u00e0ng \u0111\u1ea7u \u0111\u1ebfn t\u1eeb Th\u00e0nh ph\u1ed1 H\u1ed3 Ch\u00ed Minh, M\u1ef9, Canada, Anh v\u00e0 c\u00e1c qu\u1ed1c gia kh\u00e1c.<\/p>\n\n\t\t<\/div>\n\t<\/div>\n<div class=\"tm-spacer\" id=\"tm-spacer-69ef7651c1097\"><\/div>\n<\/div><\/div><\/div><div id=\"tm-column-69ef7651c1309\" class=\"wpb_column vc_column_container vc_col-sm-12 vc_col-lg-6\"><div class=\"vc_column-inner\"><div class=\"wpb_wrapper\"><div class=\"tm-image  tm-animation move-up\" id=\"tm-image-69ef7651c172f\">\n\t\t\t<div class=\"image\"><img decoding=\"async\" src=\"https:\/\/eastmeetswestdental.org\/wp-content\/uploads\/2019\/06\/about-2-img.png\" alt=\"about-2-img\" \/><\/div>\t\t<\/div>\n<div class=\"tm-spacer\" id=\"tm-spacer-69ef7651c2dca\"><\/div>\n<\/div><\/div><\/div><\/div><div class=\"vc_row-full-width vc_clearfix\"><\/div><div id=\"tm-row-69ef7651c3183\" class=\"vc_row vc_row-outer vc_row-fluid\"><div id=\"tm-column-69ef7651c3524\" class=\"wpb_column vc_column_container vc_col-sm-12 vc_col-md-offset-1 vc_col-md-10\"><div class=\"vc_column-inner\"><div class=\"wpb_wrapper\"><div class=\"tm-spacer\" id=\"tm-spacer-69ef7651c3730\"><\/div>\n\n<div class=\"tm-heading  center tm-animation move-up\" id=\"tm-heading-69ef7651c395e\">\n\t<h3 class=\"heading\" >l\u1ecbch s\u1eed c\u1ee7a ch\u00fang t\u00f4i<\/h3><\/div>\n\n<div class=\"tm-spacer\" id=\"tm-spacer-69ef7651c3d2d\"><\/div>\n\n<div class=\"tm-heading  center tm-animation move-up\" id=\"tm-heading-69ef7651c3f26\">\n\t<div class=\"heading\" >Ch\u00fang t\u00f4i \u0111\u00e3 tr\u01b0\u1edfng th\u00e0nh v\u00e0 m\u1edf r\u1ed9ng nh\u01b0 ng\u00e0y h\u00f4m nay b\u1eb1ng ni\u1ec1m tin v\u00e0 s\u1ef1 tin c\u1eady \u0111\u01b0\u1ee3c x\u00e2y d\u1ef1ng t\u1eeb s\u1ef1 h\u00e0i l\u00f2ng c\u1ee7a kh\u00e1ch h\u00e0ng v\u00e0 s\u1ef1 h\u1ee3p t\u00e1c h\u00f2a h\u1ee3p t\u1eeb c\u00e1c \u0111\u1ed1i t\u00e1c.<\/div><\/div>\n\n<div class=\"tm-spacer\" id=\"tm-spacer-69ef7651c42d3\"><\/div>\n<div class=\"tm-timeline  style-01 tm-animation move-up\" id=\"tm-timeline-69ef7651c4946\">\n\t<div class=\"tm-grid-wrapper\"\n     data-type=\"masonry\"\n     data-lg-columns=\"2\"\n     data-xs-columns=\"1\"\n>\n\t<div class=\"tm-grid has-animation move-up\">\n\t\t<div class=\"line\"><\/div>\n\t\t<div class=\"grid-sizer\"><\/div>\n\n\t\t\t\t\t<div class=\"grid-item\">\n\t\t\t\t<div class=\"item-wrapper\">\n\t\t\t\t\t<div class=\"dot\"><\/div>\n\n\t\t\t\t\t<div class=\"content-wrap\">\n\n\t\t\t\t\t\t<div class=\"content-header\">\n\t\t\t\t\t\t\t<h6 class=\"heading\">\n\t\t\t\t\t\t\t\t1996 - S\u1ef1 kh\u1edfi \u0111\u1ea7u\t\t\t\t\t\t\t<\/h6>\n\t\t\t\t\t\t<\/div>\n\n\t\t\t\t\t\t<div class=\"content-body\">\n\t\t\t\t\t\t\t\t\t\t\t\t\t\t\t<div class=\"photo\">\n\t\t\t\t\t\t\t\t\t<img decoding=\"async\" src=\"https:\/\/eastmeetswestdental.org\/wp-content\/uploads\/2019\/06\/team-09-290x160.png\" alt=\"team-09\" \/>\n\t\t\t\t\t\t\t\t<\/div>\n\t\t\t\t\t\t\t\n\t\t\t\t\t\t\t\t\t\t\t\t\t\t\t<div class=\"text\">\n\t\t\t\t\t\t\t\t\tSau l\u1ec5 t\u1ed1t nghi\u1ec7p tr\u01b0\u1eddng Cao \u0111\u1eb3ng K\u1ef9 thu\u1eadt Massachusetts, ba ng\u01b0\u1eddi \u0111\u00e0n \u00f4ng \u0111\u00e3 l\u00e0m vi\u1ec7c c\u00f9ng nhau \u0111\u1ec3 t\u00ecm ra con \u0111\u01b0\u1eddng s\u1ef1 nghi\u1ec7p m\u1edbi cho t\u1ea5t c\u1ea3 m\u1ecdi ng\u01b0\u1eddi. H\u1ecd ch\u1ecdn l\u00e0m vi\u1ec7c trong l\u0129nh v\u1ef1c ch\u0103m s\u00f3c nha khoa v\u00e0 d\u1ecbch v\u1ee5 nha khoa.\t\t\t\t\t\t\t\t<\/div>\n\t\t\t\t\t\t\t\t\t\t\t\t\t<\/div>\n\t\t\t\t\t<\/div>\n\t\t\t\t<\/div>\n\t\t\t<\/div>\n\t\t\t\t\t<div class=\"grid-item\">\n\t\t\t\t<div class=\"item-wrapper\">\n\t\t\t\t\t<div class=\"dot\"><\/div>\n\n\t\t\t\t\t<div class=\"content-wrap\">\n\n\t\t\t\t\t\t<div class=\"content-header\">\n\t\t\t\t\t\t\t<h6 class=\"heading\">\n\t\t\t\t\t\t\t\t2000 - Th\u00e0nh l\u1eadp\t\t\t\t\t\t\t<\/h6>\n\t\t\t\t\t\t<\/div>\n\n\t\t\t\t\t\t<div class=\"content-body\">\n\t\t\t\t\t\t\t\t\t\t\t\t\t\t\t<div class=\"photo\">\n\t\t\t\t\t\t\t\t\t<img decoding=\"async\" src=\"https:\/\/eastmeetswestdental.org\/wp-content\/uploads\/2019\/06\/20-290x160.jpg\" alt=\"20\" \/>\n\t\t\t\t\t\t\t\t<\/div>\n\t\t\t\t\t\t\t\n\t\t\t\t\t\t\t\t\t\t\t\t\t\t\t<div class=\"text\">\n\t\t\t\t\t\t\t\t\tFrankie, John &amp; Tony \u0111\u00e3 \u0111\u1ed3ng \u00fd th\u00e0nh l\u1eadp ph\u00f2ng kh\u00e1m \u0111\u1ea7u ti\u00ean c\u1ee7a h\u1ecd ph\u1ee5c v\u1ee5 kh\u00e1m r\u0103ng, \u0111i\u1ec1u tr\u1ecb nha khoa, tr\u00e1m \u1ed1ng t\u1ee7y v\u00e0 c\u00e1c d\u1ecbch v\u1ee5 nha khoa kh\u00e1c. V\u0103n ph\u00f2ng c\u1ee7a h\u1ecd c\u00f3 tr\u1ee5 s\u1edf t\u1ea1i New York. \t\t\t\t\t\t\t\t<\/div>\n\t\t\t\t\t\t\t\t\t\t\t\t\t<\/div>\n\t\t\t\t\t<\/div>\n\t\t\t\t<\/div>\n\t\t\t<\/div>\n\t\t\t\t\t<div class=\"grid-item\">\n\t\t\t\t<div class=\"item-wrapper\">\n\t\t\t\t\t<div class=\"dot\"><\/div>\n\n\t\t\t\t\t<div class=\"content-wrap\">\n\n\t\t\t\t\t\t<div class=\"content-header\">\n\t\t\t\t\t\t\t<h6 class=\"heading\">\n\t\t\t\t\t\t\t\t2005 - M\u1edf r\u1ed9ng\t\t\t\t\t\t\t<\/h6>\n\t\t\t\t\t\t<\/div>\n\n\t\t\t\t\t\t<div class=\"content-body\">\n\t\t\t\t\t\t\t\t\t\t\t\t\t\t\t<div class=\"photo\">\n\t\t\t\t\t\t\t\t\t<img decoding=\"async\" src=\"https:\/\/eastmeetswestdental.org\/wp-content\/uploads\/2019\/06\/8-290x160.jpg\" alt=\"8\" \/>\n\t\t\t\t\t\t\t\t<\/div>\n\t\t\t\t\t\t\t\n\t\t\t\t\t\t\t\t\t\t\t\t\t\t\t<div class=\"text\">\n\t\t\t\t\t\t\t\t\tEMW \u0111\u00e3 ph\u00e1t tri\u1ec3n th\u00e0nh m\u1ed9t ph\u00f2ng kh\u00e1m l\u1edbn h\u01a1n v\u1edbi kho\u1ea3ng 40 nh\u00e2n vi\u00ean, trong \u0111\u00f3 c\u00f3 nhi\u1ec1u chuy\u00ean gia n\u1ed5i ti\u1ebfng trong ng\u00e0nh nha khoa. Tr\u00ecnh \u0111\u1ed9 h\u1ecdc v\u1ea5n cao nh\u1ea5t l\u00e0 Gi\u00e1o s\u01b0. Nh\u1eefng ng\u01b0\u1eddi kh\u00e1c l\u00e0 b\u00e1c s\u0129 nha khoa.\t\t\t\t\t\t\t\t<\/div>\n\t\t\t\t\t\t\t\t\t\t\t\t\t<\/div>\n\t\t\t\t\t<\/div>\n\t\t\t\t<\/div>\n\t\t\t<\/div>\n\t\t\t\t\t<div class=\"grid-item\">\n\t\t\t\t<div class=\"item-wrapper\">\n\t\t\t\t\t<div class=\"dot\"><\/div>\n\n\t\t\t\t\t<div class=\"content-wrap\">\n\n\t\t\t\t\t\t<div class=\"content-header\">\n\t\t\t\t\t\t\t<h6 class=\"heading\">\n\t\t\t\t\t\t\t\t2019 - Hi\u1ec7n T\u1ea1i \t\t\t\t\t\t\t<\/h6>\n\t\t\t\t\t\t<\/div>\n\n\t\t\t\t\t\t<div class=\"content-body\">\n\t\t\t\t\t\t\t\t\t\t\t\t\t\t\t<div class=\"photo\">\n\t\t\t\t\t\t\t\t\t<img decoding=\"async\" src=\"https:\/\/eastmeetswestdental.org\/wp-content\/uploads\/2019\/06\/29-290x160.jpg\" alt=\"29\" \/>\n\t\t\t\t\t\t\t\t<\/div>\n\t\t\t\t\t\t\t\n\t\t\t\t\t\t\t\t\t\t\t\t\t\t\t<div class=\"text\">\n\t\t\t\t\t\t\t\t\tHi\u1ec7n t\u1ea1i, EMW \u0111\u00e3 nh\u1eadn \u0111\u01b0\u1ee3c nhi\u1ec1u th\u00e0nh t\u1ef1u v\u00e0 gi\u1ea3i th\u01b0\u1edfng danh gi\u00e1 nh\u01b0 Ph\u00f2ng kh\u00e1m t\u1ed1t nh\u1ea5t do Choice b\u00ecnh ch\u1ecdn n\u0103m 2016, Gi\u1ea3i th\u01b0\u1edfng B\u00e1c s\u0129 t\u1eadn t\u00e2m n\u0103m 2009 v\u00e0 Ng\u01b0\u1eddi \u0111\u00f3ng g\u00f3p cho s\u1ee9c kh\u1ecfe c\u1ed9ng \u0111\u1ed3ng n\u0103m 2018.\t\t\t\t\t\t\t\t<\/div>\n\t\t\t\t\t\t\t\t\t\t\t\t\t<\/div>\n\t\t\t\t\t<\/div>\n\t\t\t\t<\/div>\n\t\t\t<\/div>\n\t\t\t<\/div>\n<\/div>\n<\/div>\n<div class=\"tm-spacer\" id=\"tm-spacer-69ef7651caeec\"><\/div>\n<\/div><\/div><\/div><\/div>\n<\/div>","protected":false},"excerpt":{"rendered":"Welcome to EMW Dental In 1996, the East Meets West Dental Program team consisted of three staff members, one dentist, one nurse and one infection controller and one dental chair, located in Peace Village, Da Nang City. Over the years, as the program expanded, it changed locations and added more dentists, dental nurses, and dental chairs. The biggest turning point came in 2012, when the Dental Program opened the EMW Dental Center at its current location and began providing services to paying clients. The team now consists of 15 full-time staff members: four dentists, six dental nurses\/infection controllers, and five administrative and accounting support staff. The EMW dental team continues to receive ongoing technical assistance from over 20 leading dental experts from Ho Chi Minh City, the US, Canada, England and other countries. Our history How we grew up and expanded as today with trust and confidence built up from happy customers and harmony cooperation from partners. 1996 - The Beginning In the wake of the graduation from Massachuset Technical College, three men had worked together to find a new career path for all. They chose to work on dental care &amp; dental services. 2000 - The Establishment Frankie, John &amp; Tony had agreeably established their very first clinic that serves dental checkups, dental treatment, canal filling, and other dental services. Their office was based in New York. 2005 - The Expansion EMW has grown into a bigger clinic with about 40 staff, including many famous professionals in the dentistry industry. The highest educational level is Professor. Other are dental doctors. 2019 - The Now At present, EMW have received various prestigious achievements and awards, namely Best Clinic by Choice 2016, Dedicated Doctor Award 2009, and Contributors for Community Health 2018.","protected":false},"author":1,"featured_media":0,"parent":0,"menu_order":2,"comment_status":"closed","ping_status":"open","template":"","meta":{"rs_blank_template":"","rs_page_bg_color":"","slide_template_v7":"","footnotes":""},"class_list":["post-104","page","type-page","status-publish","hentry"],"yoast_head":"<!-- This site is optimized with the Yoast SEO plugin v27.4 - https:\/\/yoast.com\/product\/yoast-seo-wordpress\/ -->\n<title>About us - East Meets West Dental<\/title>\n<meta name=\"robots\" content=\"index, follow, max-snippet:-1, max-image-preview:large, max-video-preview:-1\" \/>\n<link rel=\"canonical\" href=\"https:\/\/eastmeetswestdental.org\/vi\/about-us\/\" \/>\n<meta property=\"og:locale\" content=\"vi_VN\" \/>\n<meta property=\"og:type\" content=\"article\" \/>\n<meta property=\"og:title\" content=\"About us - East Meets West Dental\" \/>\n<meta property=\"og:url\" content=\"https:\/\/eastmeetswestdental.org\/vi\/about-us\/\" \/>\n<meta property=\"og:site_name\" content=\"East Meets West Dental\" \/>\n<meta property=\"article:modified_time\" content=\"2023-08-09T01:49:15+00:00\" \/>\n<meta name=\"twitter:card\" content=\"summary_large_image\" \/>\n<meta name=\"twitter:label1\" content=\"\u01af\u1edbc t\u00ednh th\u1eddi gian \u0111\u1ecdc\" \/>\n\t<meta name=\"twitter:data1\" content=\"3 ph\u00fat\" \/>\n<script type=\"application\/ld+json\" class=\"yoast-schema-graph\">{\"@context\":\"https:\\\/\\\/schema.org\",\"@graph\":[{\"@type\":\"WebPage\",\"@id\":\"https:\\\/\\\/eastmeetswestdental.org\\\/about-us\\\/\",\"url\":\"https:\\\/\\\/eastmeetswestdental.org\\\/about-us\\\/\",\"name\":\"About us - East Meets West Dental\",\"isPartOf\":{\"@id\":\"https:\\\/\\\/eastmeetswestdental.org\\\/#website\"},\"datePublished\":\"2019-05-31T07:07:39+00:00\",\"dateModified\":\"2023-08-09T01:49:15+00:00\",\"breadcrumb\":{\"@id\":\"https:\\\/\\\/eastmeetswestdental.org\\\/about-us\\\/#breadcrumb\"},\"inLanguage\":\"vi\",\"potentialAction\":[{\"@type\":\"ReadAction\",\"target\":[\"https:\\\/\\\/eastmeetswestdental.org\\\/about-us\\\/\"]}]},{\"@type\":\"BreadcrumbList\",\"@id\":\"https:\\\/\\\/eastmeetswestdental.org\\\/about-us\\\/#breadcrumb\",\"itemListElement\":[{\"@type\":\"ListItem\",\"position\":1,\"name\":\"Home\",\"item\":\"https:\\\/\\\/eastmeetswestdental.org\\\/\"},{\"@type\":\"ListItem\",\"position\":2,\"name\":\"About us\"}]},{\"@type\":\"WebSite\",\"@id\":\"https:\\\/\\\/eastmeetswestdental.org\\\/#website\",\"url\":\"https:\\\/\\\/eastmeetswestdental.org\\\/\",\"name\":\"East Meets West Dental\",\"description\":\"Your healthy smile is our happiness!\",\"potentialAction\":[{\"@type\":\"SearchAction\",\"target\":{\"@type\":\"EntryPoint\",\"urlTemplate\":\"https:\\\/\\\/eastmeetswestdental.org\\\/?s={search_term_string}\"},\"query-input\":{\"@type\":\"PropertyValueSpecification\",\"valueRequired\":true,\"valueName\":\"search_term_string\"}}],\"inLanguage\":\"vi\"}]}<\/script>\n<!-- \/ Yoast SEO plugin. -->","yoast_head_json":{"title":"About us - East Meets West Dental","robots":{"index":"index","follow":"follow","max-snippet":"max-snippet:-1","max-image-preview":"max-image-preview:large","max-video-preview":"max-video-preview:-1"},"canonical":"https:\/\/eastmeetswestdental.org\/vi\/about-us\/","og_locale":"vi_VN","og_type":"article","og_title":"About us - East Meets West Dental","og_url":"https:\/\/eastmeetswestdental.org\/vi\/about-us\/","og_site_name":"East Meets West Dental","article_modified_time":"2023-08-09T01:49:15+00:00","twitter_card":"summary_large_image","twitter_misc":{"\u01af\u1edbc t\u00ednh th\u1eddi gian \u0111\u1ecdc":"3 ph\u00fat"},"schema":{"@context":"https:\/\/schema.org","@graph":[{"@type":"WebPage","@id":"https:\/\/eastmeetswestdental.org\/about-us\/","url":"https:\/\/eastmeetswestdental.org\/about-us\/","name":"About us - East Meets West Dental","isPartOf":{"@id":"https:\/\/eastmeetswestdental.org\/#website"},"datePublished":"2019-05-31T07:07:39+00:00","dateModified":"2023-08-09T01:49:15+00:00","breadcrumb":{"@id":"https:\/\/eastmeetswestdental.org\/about-us\/#breadcrumb"},"inLanguage":"vi","potentialAction":[{"@type":"ReadAction","target":["https:\/\/eastmeetswestdental.org\/about-us\/"]}]},{"@type":"BreadcrumbList","@id":"https:\/\/eastmeetswestdental.org\/about-us\/#breadcrumb","itemListElement":[{"@type":"ListItem","position":1,"name":"Home","item":"https:\/\/eastmeetswestdental.org\/"},{"@type":"ListItem","position":2,"name":"About us"}]},{"@type":"WebSite","@id":"https:\/\/eastmeetswestdental.org\/#website","url":"https:\/\/eastmeetswestdental.org\/","name":"Nha khoa \u0110\u00f4ng T\u00e2y T\u00e2y","description":"N\u1ee5 c\u01b0\u1eddi kh\u1ecfe m\u1ea1nh c\u1ee7a b\u1ea1n <br \/> l\u00e0 h\u1ea1nh ph\u00fac c\u1ee7a ch\u00fang t\u00f4i!","potentialAction":[{"@type":"SearchAction","target":{"@type":"EntryPoint","urlTemplate":"https:\/\/eastmeetswestdental.org\/?s={search_term_string}"},"query-input":{"@type":"PropertyValueSpecification","valueRequired":true,"valueName":"search_term_string"}}],"inLanguage":"vi"}]}},"_links":{"self":[{"href":"https:\/\/eastmeetswestdental.org\/vi\/wp-json\/wp\/v2\/pages\/104","targetHints":{"allow":["GET"]}}],"collection":[{"href":"https:\/\/eastmeetswestdental.org\/vi\/wp-json\/wp\/v2\/pages"}],"about":[{"href":"https:\/\/eastmeetswestdental.org\/vi\/wp-json\/wp\/v2\/types\/page"}],"author":[{"embeddable":true,"href":"https:\/\/eastmeetswestdental.org\/vi\/wp-json\/wp\/v2\/users\/1"}],"replies":[{"embeddable":true,"href":"https:\/\/eastmeetswestdental.org\/vi\/wp-json\/wp\/v2\/comments?post=104"}],"version-history":[{"count":0,"href":"https:\/\/eastmeetswestdental.org\/vi\/wp-json\/wp\/v2\/pages\/104\/revisions"}],"wp:attachment":[{"href":"https:\/\/eastmeetswestdental.org\/vi\/wp-json\/wp\/v2\/media?parent=104"}],"curies":[{"name":"wp","href":"https:\/\/api.w.org\/{rel}","templated":true}]}}